{"id":2645,"date":"2016-07-22T17:03:33","date_gmt":"2016-07-22T14:03:33","guid":{"rendered":"http:\/\/microspore.gr\/de\/?page_id=2645"},"modified":"2022-02-16T12:54:28","modified_gmt":"2022-02-16T10:54:28","slug":"microspore-hellas","status":"publish","type":"page","link":"https:\/\/comerco.gr\/de\/microspore-hellas\/","title":{"rendered":"COMERCO Hellas Home"},"content":{"rendered":"<div class=\"wpb-content-wrapper\"><p>[vc_row full_width=&#8221;stretch_row&#8221; css=&#8221;.vc_custom_1466714187450{margin-bottom: 0px !important;}&#8221;][vc_column][stm_spacing lg_spacing=&#8221;160px&#8221; md_spacing=&#8221;160px&#8221; sm_spacing=&#8221;160px&#8221;][rev_slider_vc alias=&#8221;austria&#8221;][\/vc_column][\/vc_row][vc_row full_width=&#8221;stretch_row&#8221; el_class=&#8221;secondary_bg_color22&#8243;][vc_column][vc_cta h2=&#8221;Laden Sie die PDF Datei mit unseren Comerco Organic Biostimulants und Bioactivators auf Deutsch&#8221; h2_font_container=&#8221;tag:h2|font_size:20px|text_align:left|color:%23000000|line_height:24px&#8221; h2_use_theme_fonts=&#8221;yes&#8221; txt_align=&#8221;center&#8221; shape=&#8221;square&#8221; style=&#8221;flat&#8221; add_button=&#8221;right&#8221; btn_title=&#8221;Download&#8221; btn_style=&#8221;flat&#8221; btn_color=&#8221;success&#8221; btn_i_align=&#8221;right&#8221; btn_i_icon_fontawesome=&#8221;stm-quote2&#8243; use_custom_fonts_h2=&#8221;true&#8221; btn_add_icon=&#8221;true&#8221; btn_link=&#8221;url:https%3A%2F%2Fcomerco.gr%2Fwp-content%2Fuploads%2F2022-Comerco-Greenspore-1.pdf&#8221; h2_link=&#8221;url:https%3A%2F%2Fcomerco.gr%2Fwp-content%2Fuploads%2F2022-Comerco-Greenspore-1.pdf&#8221;][\/vc_cta][vc_cta h2=&#8221;Laden Sie die PDF Datei mit unsere COMERCO Organic fertilizer auf Deutsch&#8221; h2_font_container=&#8221;tag:h2|font_size:20px|text_align:left|color:%23000000|line_height:24px&#8221; h2_use_theme_fonts=&#8221;yes&#8221; txt_align=&#8221;center&#8221; shape=&#8221;square&#8221; style=&#8221;flat&#8221; add_button=&#8221;right&#8221; btn_title=&#8221;Download&#8221; btn_style=&#8221;flat&#8221; btn_color=&#8221;success&#8221; btn_i_align=&#8221;right&#8221; btn_i_icon_fontawesome=&#8221;stm-quote2&#8243; use_custom_fonts_h2=&#8221;true&#8221; btn_add_icon=&#8221;true&#8221; btn_link=&#8221;url:https%3A%2F%2Fcomerco.gr%2Fwp-content%2Fuploads%2FEDFMAN-CATALOGUE-GERMAN.pdf&#8221; h2_link=&#8221;||&#8221;][\/vc_cta][\/vc_column][\/vc_row][vc_row css=&#8221;.vc_custom_1468499902410{margin-top: 60px !important;margin-bottom: 20px !important;}&#8221;][vc_column][vc_column_text]<\/p>\n<h1>COMERCO -Microspore Hellas &#8211; Sacom Hellas<\/h1>\n<p>[\/vc_column_text][\/vc_column][\/vc_row][vc_row full_width=&#8221;stretch_row&#8221; css=&#8221;.vc_custom_1466719813315{margin-bottom: 61px !important;padding-top: 61px !important;padding-bottom: 36px !important;background-color: #ffffff !important;}&#8221;][vc_column width=&#8221;1\/2&#8243;][vc_column_text css_animation=&#8221;left-to-right&#8221;]<\/p>\n<h2>AUFGABE<\/h2>\n<div>\n<p>Wir bieten von uns entwickelte innovative und umweltfreundliche Biotechnologie-L\u00f6sungen, die in den Bereichen der Ern\u00e4hrung der Pflanzen und der Wiederherstellung der Umwelt erfolgreich sind. Die Ergebnisse unserer Arbeit sind: Entwicklung des Wurzelsystems, besseres Wachstum der Pflanzen und nat\u00fcrliche Widerstandskraft gegen Stress, damit eine nachhaltige Zukunft f\u00fcr die heutige und die kommenden Generationen gesichert wird.<\/p>\n<p>Wir bieten Alternativen zu den traditionellen D\u00fcngemitteln und wir schaffen Mehrwert, damit wir den entscheidenden Unterschied ausmachen.<\/p>\n<p>Das Leitbild unserer Arbeit ist die optimale Qualit\u00e4t unserer Produkte und Dienstleistungen. Diese sind so konzipiert, dass sie den Anforderungen unserer Kunden gen\u00fcgen, und basieren auf eine klare Prinzipiengruppe, zu denen Folgendes geh\u00f6rt: Konsequenz, Integrit\u00e4t, Erscheinung, Best\u00e4ndigkeit, Einfallsreichtum, damit unsere Kunden unsere Handlungen und Entscheidungen beurteilen k\u00f6nnen, so dass wir unsere Aufgabe weltweit erreichen k\u00f6nnen.<\/p>\n<\/div>\n<p>[\/vc_column_text][\/vc_column][vc_column width=&#8221;1\/2&#8243;][vc_column_text css_animation=&#8221;right-to-left&#8221;]<img loading=\"lazy\" decoding=\"async\" class=\"alignnone size-full wp-image-1716\" src=\"https:\/\/comerco.gr\/wp-content\/uploads\/home-apostoli.jpg\" alt=\"\" width=\"435\" height=\"500\" srcset=\"https:\/\/comerco.gr\/wp-content\/uploads\/home-apostoli.jpg 435w, https:\/\/comerco.gr\/wp-content\/uploads\/home-apostoli-261x300.jpg 261w\" sizes=\"auto, (max-width: 435px) 100vw, 435px\" \/>[\/vc_column_text][\/vc_column][\/vc_row][vc_row full_width=&#8221;stretch_row&#8221; parallax=&#8221;content-moving&#8221; css=&#8221;.vc_custom_1467275678184{margin-bottom: 61px !important;padding-top: 45px !important;padding-bottom: 45px !important;background-image: url(https:\/\/comerco.gr\/wp-content\/uploads\/green-back-2.jpg?id=1694) !important;background-position: center;background-repeat: no-repeat !important;background-size: cover !important;}&#8221;][vc_column][vc_custom_heading stripe_pos=&#8221;hide&#8221; text=&#8221;<mark>Green Biotechnology<\/mark>&#8221; font_container=&#8221;tag:h5|font_size:28px|text_align:center|color:%23ffffff|line_height:34px&#8221; use_theme_fonts=&#8221;yes&#8221; stripe_hide=&#8221;yes&#8221;][\/vc_column][\/vc_row][vc_row][vc_column][vc_column_text css_animation=&#8221;bottom-to-top&#8221;]<\/p>\n<p style=\"text-align: center;\"><iframe loading=\"lazy\" src=\"https:\/\/www.youtube.com\/embed\/cuoyuODzoco?rel=0\" width=\"640\" height=\"360\" frameborder=\"0\" allowfullscreen=\"allowfullscreen\"><\/iframe><\/p>\n<p>[\/vc_column_text][\/vc_column][\/vc_row][vc_row][vc_column][vc_column_text css_animation=&#8221;bottom-to-top&#8221;]<\/p>\n<p style=\"text-align: center;\"><iframe loading=\"lazy\" src=\"https:\/\/www.youtube.com\/embed\/qXsc9uz-PZs\" width=\"640\" height=\"360\" frameborder=\"0\" allowfullscreen=\"allowfullscreen\"><\/iframe><\/p>\n<p>[\/vc_column_text][\/vc_column][\/vc_row][vc_row][vc_column][vc_column_text]<\/p>\n<p>[\/vc_column_text][\/vc_column][\/vc_row]<\/p>\n<\/div>","protected":false},"excerpt":{"rendered":"<p>[vc_row full_width=&#8221;stretch_row&#8221; css=&#8221;.vc_custom_1466714187450{margin-bottom: 0px !important;}&#8221;][vc_column][stm_spacing lg_spacing=&#8221;160px&#8221; md_spacing=&#8221;160px&#8221; sm_spacing=&#8221;160px&#8221;][rev_slider_vc alias=&#8221;austria&#8221;][\/vc_column][\/vc_row][vc_row full_width=&#8221;stretch_row&#8221; el_class=&#8221;secondary_bg_color22&#8243;][vc_column][vc_cta h2=&#8221;Laden Sie die PDF Datei mit unseren Comerco Organic Biostimulants und Bioactivators auf Deutsch&#8221; h2_font_container=&#8221;tag:h2|font_size:20px|text_align:left|color:%23000000|line_height:24px&#8221; h2_use_theme_fonts=&#8221;yes&#8221; txt_align=&#8221;center&#8221; shape=&#8221;square&#8221; style=&#8221;flat&#8221; add_button=&#8221;right&#8221; btn_title=&#8221;Download&#8221; btn_style=&#8221;flat&#8221; btn_color=&#8221;success&#8221; btn_i_align=&#8221;right&#8221; btn_i_icon_fontawesome=&#8221;stm-quote2&#8243; use_custom_fonts_h2=&#8221;true&#8221; btn_add_icon=&#8221;true&#8221; btn_link=&#8221;url:https%3A%2F%2Fcomerco.gr%2Fwp-content%2Fuploads%2F2022-Comerco-Greenspore-1.pdf&#8221; h2_link=&#8221;url:https%3A%2F%2Fcomerco.gr%2Fwp-content%2Fuploads%2F2022-Comerco-Greenspore-1.pdf&#8221;][\/vc_cta][vc_cta h2=&#8221;Laden Sie die PDF Datei mit unsere COMERCO Organic fertilizer auf Deutsch&#8221; h2_font_container=&#8221;tag:h2|font_size:20px|text_align:left|color:%23000000|line_height:24px&#8221; h2_use_theme_fonts=&#8221;yes&#8221; txt_align=&#8221;center&#8221;<\/p>\n","protected":false},"author":4,"featured_media":0,"parent":0,"menu_order":0,"comment_status":"closed","ping_status":"closed","template":"","meta":{"footnotes":""},"class_list":["post-2645","page","type-page","status-publish","hentry"],"_links":{"self":[{"href":"https:\/\/comerco.gr\/de\/wp-json\/wp\/v2\/pages\/2645","targetHints":{"allow":["GET"]}}],"collection":[{"href":"https:\/\/comerco.gr\/de\/wp-json\/wp\/v2\/pages"}],"about":[{"href":"https:\/\/comerco.gr\/de\/wp-json\/wp\/v2\/types\/page"}],"author":[{"embeddable":true,"href":"https:\/\/comerco.gr\/de\/wp-json\/wp\/v2\/users\/4"}],"replies":[{"embeddable":true,"href":"https:\/\/comerco.gr\/de\/wp-json\/wp\/v2\/comments?post=2645"}],"version-history":[{"count":5,"href":"https:\/\/comerco.gr\/de\/wp-json\/wp\/v2\/pages\/2645\/revisions"}],"predecessor-version":[{"id":4388,"href":"https:\/\/comerco.gr\/de\/wp-json\/wp\/v2\/pages\/2645\/revisions\/4388"}],"wp:attachment":[{"href":"https:\/\/comerco.gr\/de\/wp-json\/wp\/v2\/media?parent=2645"}],"curies":[{"name":"wp","href":"https:\/\/api.w.org\/{rel}","templated":true}]}}