{"id":2717,"date":"2016-07-23T19:56:28","date_gmt":"2016-07-23T16:56:28","guid":{"rendered":"http:\/\/microspore.gr\/de\/?page_id=2717"},"modified":"2026-04-02T12:03:09","modified_gmt":"2026-04-02T09:03:09","slug":"unternehmen","status":"publish","type":"page","link":"https:\/\/comerco.gr\/de\/unternehmen\/","title":{"rendered":"Unternehmen"},"content":{"rendered":"<div class=\"wpb-content-wrapper\"><p>[vc_row][vc_column][vc_column_text css=&#8221;&#8221;]<\/p>\n<h2>Geschichte<\/h2>\n<p>&nbsp;<\/p>\n<p><img loading=\"lazy\" decoding=\"async\" class=\"alignleft wp-image-2726 size-full\" src=\"https:\/\/comerco.gr\/wp-content\/uploads\/sporos-logo.jpg\" alt=\"sporos-logo\" width=\"200\" height=\"195\" srcset=\"https:\/\/comerco.gr\/wp-content\/uploads\/sporos-logo.jpg 200w, https:\/\/comerco.gr\/wp-content\/uploads\/sporos-logo-50x50.jpg 50w\" sizes=\"auto, (max-width: 200px) 100vw, 200px\" \/><\/p>\n<p>Die Verw\u00fcstung und die die Bodenerosion , die durch chemische Ph\u00e4nomene verursacht&nbsp;werden ,haben verheerende Auswirkungen auf die Landwirtschaft.<\/p>\n<p>Dank unserer Untersuchungen haben wir geschaffen und haben gew\u00e4hlt&nbsp; &#8220;intelligente Mikrobe&#8221;, die&nbsp; sich an der Basis der Biotech-L\u00f6sungen befinden.<\/p>\n<p>Die Comerco produziert und vertreibt verschiedene nat\u00fcrliche und organische D\u00fcnger-Serien, organische D\u00fcngemittel, hydrolysiert und Langzeitd\u00fcnger.<\/p>\n<p>Unser team in Italien, ist zust\u00e4ndig f\u00fcr R&amp;D und Produktion und Athen , Griechenland &nbsp;ist zust\u00e4ndig f\u00fcr Marketing und internationale Verkauf .<\/p>\n<p>Comerco , verf\u00fcgt \u00fcber eine internationale Pr\u00e4senz durch eine Reihe<\/p>\n<p>von &#8221; exklusiven &#8221;&nbsp;Vertretern ,H\u00e4ndler , Repr\u00e4sentanten,Verteiler und zufriedene Kunden.<\/p>\n<p>Das Unternehmen&nbsp; kooperiert mit Assobiotec (Nationale Vereinigung f\u00fcr die Entwicklung der Biotechnologie).<br \/>Die Comerco&nbsp; ist einer der gr\u00f6\u00dften Hersteller von Natur- und Bio &#8211;D\u00fcngemittel in Italien mit Produkten die weltweit verf\u00fcgbar sind.<\/p>\n<p>Unsere Firma produziert und vertreibt eine breite Palette von organischen D\u00fcngemitteln in Fl\u00fcssigkeit -und Granulatform &nbsp;.<br \/>Unser Team&nbsp; von Forschung und Entwicklung, schafft&nbsp;&nbsp;neue&nbsp; D\u00fcngemittelmischungen f\u00fcr die vielf\u00e4ltigen Bed\u00fcrfnisse unserer Kunden<\/p>\n<p>COMERCO AGROTECHNOLOGY<\/p>\n<p>Seit 2012 GRIECHENLAND<\/p>\n<p>Seit 2015&nbsp; ZYPERN<\/p>\n<p>Seit&nbsp;2016&nbsp; OSTERREICH<\/p>\n<p><img loading=\"lazy\" decoding=\"async\" class=\"alignright size-full wp-image-4202\" src=\"..\/wp-content\/uploads\/comerco-registered.jpg\" alt=\"\" width=\"301\" height=\"209\"><\/p>\n<p>Comerco ist zust\u00e4ndig den &nbsp;direkten Kontakt von &nbsp;Technologie und unsere Produkte mit der l\u00e4ndlichen Welt des Landes&nbsp; zu bauen.<\/p>\n<p>&nbsp;<\/p>\n<h2>Mission<\/h2>\n<p>Wir entwickeln und liefern innovative und \u00f6kologisch nachhaltige Biotech-L\u00f6sungen, die sowohl auf dem Gebiet der&nbsp;&nbsp;Pflanzenern\u00e4hrung als auch&nbsp; auf die Erholung&nbsp; der Umwelt wirksam sind.<\/p>\n<p>Bisher konnten wir sehr erfolgreiche Ergebnisse erzielen, wie Wurzelsystementwicklung, Verbesserung des Pflanzenwachstums und nat\u00fcrliche Resistenz gegen Stress, mit dem Ziel,&nbsp;&nbsp;eine nachhaltige Zukunft f\u00fcr die heutigen und zuk\u00fcnftigen Generationen zu gew\u00e4hrleisten<\/p>\n<p>Wir bieten Alternativen zu dem traditionellen D\u00fcngemittelprodukte, schaffen signifikanten Mehrwert, in der Richtung &nbsp;uns zu unterscheiden.<\/p>\n<p>Unsere Arbeit wird durch Exzellenz gef\u00fchrt, so dass unsere Produkte und Dienstleistungen von ausgezeichneter&nbsp;Qualit\u00e4t gekennzeichnet &nbsp;sind.<\/p>\n<p>Sie sind so konzipiert, dass wir die Anforderungen unserer Kunden erf\u00fcllen und unsere Verpflichtungen&nbsp; \u00fcbertreffen, basiert auf einer &nbsp;Reihe von klaren Prinzipien.<\/p>\n<p>Verantwortung, Integrit\u00e4t, Aussehen, Ausdauer, Einfallsreichtum,&nbsp; sowie alle unsere Handlungen und Entscheidungen werden so gewogen, &nbsp;mit dem Ziel,&nbsp; unsere globale Mission zu&nbsp;erreichen.<\/p>\n<p>&nbsp;<\/p>\n<h2>Forschung &amp; Entwicklung&nbsp;(R&amp;D)<\/h2>\n<p><img loading=\"lazy\" decoding=\"async\" class=\"size-medium wp-image-1773 alignleft\" src=\"..\/wp-content\/uploads\/anaptyxi-233x300.jpg\" alt=\"anaptyxi\" width=\"233\" height=\"300\" srcset=\"https:\/\/comerco.gr\/wp-content\/uploads\/anaptyxi-233x300.jpg 233w, https:\/\/comerco.gr\/wp-content\/uploads\/anaptyxi.jpg 400w\" sizes=\"auto, (max-width: 233px) 100vw, 233px\" \/><\/p>\n<p>Der Bereich Research &amp; Entwicklung&nbsp;( R&amp;D ) , hat eine Schl\u00fcsselrolle in der Unternehmensstrategie .<\/p>\n<p>Unser modernes Labor und Team von Forschern, die Vollzeit an Projekten arbeiten, bei der Entwicklung neuer D\u00fcnger Prototypen, mit besonderem Schwerpunkt auf biologischen &nbsp;Anbau.<\/p>\n<p>&nbsp;<\/p>\n<p>Alle Aktivit\u00e4ten werden zusammen mit&nbsp;dem &nbsp;italienischen National Research Council (CNR) &nbsp;entwickelt, die ein operatives Team in unserem Labor hat.<\/p>\n<p>&nbsp;<\/p>\n<p>Innovation und Patente sind im Zusammenhang mit Speichermethoden und D\u00fcngemittel-Anwendungen, Prozesse der Vorbereitung mit Inokulum von Mikroorganismen und Produktion von Mykorrhiza.<\/p>\n<p>&nbsp;<\/p>\n<p>Unter Ber\u00fccksichtigung all dieser Aspekte haben wir die F\u00e4higkeit und den Wunsch, nachhaltige L\u00f6sungen f\u00fcr einige der gro\u00dfen Gesamt Herausforderungen unserer Zeit zu schaffen und anzubieten, wie Ressourcendefizit, Ern\u00e4hrungssicherheit und die globale Erw\u00e4rmung.<\/p>\n<p>&nbsp;<\/p>\n<p>&nbsp;<\/p>\n<p>&nbsp;<\/p>\n<p>[\/vc_column_text][\/vc_column][\/vc_row]<\/p>\n<\/div>","protected":false},"excerpt":{"rendered":"<p>[vc_row][vc_column][vc_column_text css=&#8221;&#8221;] Geschichte &nbsp; Die Verw\u00fcstung und die die Bodenerosion , die durch chemische Ph\u00e4nomene verursacht&nbsp;werden ,haben verheerende Auswirkungen auf die Landwirtschaft. Dank unserer Untersuchungen haben wir geschaffen und haben gew\u00e4hlt&nbsp; &#8220;intelligente Mikrobe&#8221;, die&nbsp; sich an der Basis der Biotech-L\u00f6sungen befinden. Die Comerco produziert und vertreibt verschiedene nat\u00fcrliche und organische D\u00fcnger-Serien, organische D\u00fcngemittel, hydrolysiert und<\/p>\n","protected":false},"author":4,"featured_media":0,"parent":0,"menu_order":0,"comment_status":"closed","ping_status":"closed","template":"","meta":{"footnotes":""},"class_list":["post-2717","page","type-page","status-publish","hentry"],"_links":{"self":[{"href":"https:\/\/comerco.gr\/de\/wp-json\/wp\/v2\/pages\/2717","targetHints":{"allow":["GET"]}}],"collection":[{"href":"https:\/\/comerco.gr\/de\/wp-json\/wp\/v2\/pages"}],"about":[{"href":"https:\/\/comerco.gr\/de\/wp-json\/wp\/v2\/types\/page"}],"author":[{"embeddable":true,"href":"https:\/\/comerco.gr\/de\/wp-json\/wp\/v2\/users\/4"}],"replies":[{"embeddable":true,"href":"https:\/\/comerco.gr\/de\/wp-json\/wp\/v2\/comments?post=2717"}],"version-history":[{"count":7,"href":"https:\/\/comerco.gr\/de\/wp-json\/wp\/v2\/pages\/2717\/revisions"}],"predecessor-version":[{"id":5185,"href":"https:\/\/comerco.gr\/de\/wp-json\/wp\/v2\/pages\/2717\/revisions\/5185"}],"wp:attachment":[{"href":"https:\/\/comerco.gr\/de\/wp-json\/wp\/v2\/media?parent=2717"}],"curies":[{"name":"wp","href":"https:\/\/api.w.org\/{rel}","templated":true}]}}