{"id":2961,"date":"2016-08-03T11:12:17","date_gmt":"2016-08-03T08:12:17","guid":{"rendered":"http:\/\/microspore.gr\/de\/?page_id=2961"},"modified":"2021-06-01T12:30:05","modified_gmt":"2021-06-01T09:30:05","slug":"unser-bio-activator","status":"publish","type":"page","link":"https:\/\/comerco.gr\/de\/gruene-biotechnologie-2\/unser-bio-activator\/","title":{"rendered":"Unser eigene Bio Activator"},"content":{"rendered":"<div class=\"wpb-content-wrapper\"><p>[vc_row][vc_column width=&#8221;1\/3&#8243;][vc_column_text]<\/p>\n<p>&nbsp;<\/p>\n<p><img loading=\"lazy\" decoding=\"async\" class=\"size-full wp-image-2561 alignleft\" src=\"https:\/\/comerco.gr\/wp-content\/uploads\/Microtech.jpg\" alt=\"Microtech\" width=\"331\" height=\"295\" srcset=\"https:\/\/comerco.gr\/wp-content\/uploads\/Microtech.jpg 331w, https:\/\/comerco.gr\/wp-content\/uploads\/Microtech-300x267.jpg 300w\" sizes=\"auto, (max-width: 331px) 100vw, 331px\" \/>[\/vc_column_text][\/vc_column][vc_column width=&#8221;2\/3&#8243;][vc_column_text]<\/p>\n<h2>Microtech TX<\/h2>\n<p>Das Aktivierungsmittel Microtech TX ist ein Mikroorganismenkomplex, der mittels eines speziellen organischen Stoffes aktiviert wird und eine besonders effektive Wirkung gegen viele phytopathogene Pilze auf verschiedene Weisen entwickelt:<\/p>\n<ul>\n<li>Durch die schnelle Besiedlung des Wurzelballens, wo er mit den pathogenen Pilzen um den Raum und die N\u00e4hrstoffe konkurriert und ihre Entwicklung hemmt.<\/li>\n<li>Durch die Produktion von chitinolytischen Enzymen, die es dem Microtech TXKomplex erlauben, in den Wirt einzudringen: Auf diese Weise wird der pathogene Pilz als Nahrungsquelle verwendet werden<\/li>\n<li>Durch die Produktion von pilzhemmenden Substanzen, die die Entwicklung der pathogenen Pilze und somit die Kontaminierungsm\u00f6glichkeit hemmen.<\/li>\n<li>Durch die Anregung des Wachstums der Pflanzen durch eine gr\u00f6\u00dfere Produktion von Blattwerk, Wurzelwerk und Sprossen, und durch eine erfolgreichere Absorption der Mineralsalze von Makro- und Mikroelementen.<\/li>\n<\/ul>\n<p>Dieser spezielle Bodenmikrobenkomplex entwickelt dank der Produktion von toxischen Metaboliten eine starke Wirkung gegen verschiedene Bodenkrankheitserreger. Er kann auch resistente Formen von Widerstand von Krankheitserregern wie Sclerotinia erkennen und aufheben..[\/vc_column_text][\/vc_column][\/vc_row][vc_row][vc_column width=&#8221;1\/3&#8243;][\/vc_column][vc_column width=&#8221;2\/3&#8243;][vc_column_text]<\/p>\n<h2>Microtech SX<\/h2>\n<p>Der Microtech SX-Aktivierungsmittelkomplex besteht aus einer Gruppe von Mikroorganismen, deren Merkmale zwischen denen von Pilzen und von Bakterien liegen und eine Synergie entwickeln, die ein gr\u00f6\u00dferes Wachstum der Pflanzenwurzeln bewirkt. Die Wachstumsf\u00f6rderung erfolgt durch verschiedene Prozesse: einer der wichtigsten ist die Freisetzung von hormon\u00e4hnlichen Substanzen, welche die Verbreitung, die Vermehrung und die Entwicklung der Wurzelzellen im Wurzelballen anregen. Dieses Aktivierungsmittel regt die Produktion von vielen n\u00fctzlichen Pflanzenstoffen wie den Siderophoren (organischen Stoffen, die Eisen binden), Spurenelementen, Vitaminen, Aminos\u00e4uren und organischen S\u00e4uren an. Zudem haben Studien gezeigt, dass diese Mikroorganismen das Wachstum der Pflanzen durch die Produktion von antibiotischen Stoffen (Streptomycin) f\u00f6rdern, die viele pathogene Pilze des Wurzelsystems (Pyrenocheta lycopersici, Fusarium oxysporum, Pythium ultimum, Verticillium dahliae, Phytophthora capsici usw.) unter Kontrolle halten. Die konkurrierende Wirkung gegen\u00fcber den phytopathogenen Pilzen erfolgt nicht nur direkt, sondern auch durch die Raumbesetzung und den Wettbewerb um die N\u00e4hrstoffe.[\/vc_column_text][\/vc_column][\/vc_row][vc_row css=&#8221;.vc_custom_1469127112365{margin-top: 60px !important;}&#8221;][vc_column width=&#8221;2\/3&#8243;][vc_column_text]<\/p>\n<h2>Microtech SBX<\/h2>\n<p>Die Gattung Microtech SBX geh\u00f6rt der Gruppe PGPR an und beinhaltet Arten von n\u00fctzlichen Bakterien aus dem Wurzelballen, die viele positive Wirkungen haben. Eine Vielzahl von Studien hat gezeigt, dass diese Bakterien den Pflanzen helfen, den Stress zu \u00fcberwinden, der von verschiedenen pathogenen Pilzen sowohl des Blattwerks (Alternaria, Botrytis, Echter Mehltau, Bremia und die Gruppe der Peronosporacee und Moniliacee) als auch des Wurzelwerks (Phytium , Rhizoctonia, Fusarium und Sclerotinia) verursacht wird. Diese Wirkung erfolgt mit Hilfe von verschiedenen Verfahren wie: Produktion von speziellen von den Bakterien beim Kontakt mit dem Pilz ausgeschiedenen Abbauenzymen (chitinolytisch, glutenolytisch und proteolytisch), St\u00e4rkung der Abwehrkr\u00e4fte der Pflanzen, Konkurrenz mit den Krankheitserregern um den Raum und die N\u00e4hrstoffe. Au\u00dferdem beg\u00fcnstigen und f\u00f6rdern die Arten der Gattung Microtech SBX das Wachstum der Pflanzen, weil sie Pflanzenhormone und Substanzen mit pflanzenhormon\u00e4hnlicher Wirkung produzieren.<\/p>\n<h2>Microtech PX<\/h2>\n<p>Microtech PX ist ein Aktivierungsmittel mit hoher Konzentration von Mikroben mit verschiedenen Rollen, die eine konkurrierende Wirkung gegen\u00fcber Fadenw\u00fcrmern entwickeln. Die Biokontrolle der Fadenw\u00fcrmer ist mit der Produktion von ringf\u00f6rmigen Strukturen verbunden, die sich vergr\u00f6\u00dfern, wenn ein Fadenwurm dadurch geht, und ihn einfangen. Danach wird der Fadenwurm durch ein Enzym zersetzt und von dem Pilz als Nahrung verwendet. Microtech PX kann ein wertvolles Instrument f\u00fcr die biologische Kontrolle der pathogenen Fadenw\u00fcrmer der Gattung Meloindogyne und Heterodera sein. Experimente haben gezeigt, dass durch die Verwendung dieser Pilze in (durch chemische Substanzen, durch die Sonne oder durch Dampf) sterilisierten B\u00f6den das Niveau von Fadenw\u00fcrmern f\u00fcr mehr Jahre unter der Schadensschwelle als in B\u00f6den ohne solche Pilze geblieben ist; das ist darauf zur\u00fcckzuf\u00fchren, dass das sogenannte \u201ebiologische Vakuum\u201c ausgef\u00fcllt wird.<\/p>\n<h2>Microtech MX<\/h2>\n<p>Microtech MX ist eine Mischung aus pathogenen Pilzen, die nach der Produktion der chitinolytischen Enzyme in das Wirtsinsekt durch den Chitinpanzer eindringen. Sobald sich der Pilz im Wirt befindet, w\u00e4chst und ern\u00e4hrt er sich aus ihm, was dessen Tod zur Folge hat. Die befallenen Insekten, die nicht sterben, haben eine eingeschr\u00e4nkte Mobilit\u00e4t, k\u00f6nnen sich nicht ern\u00e4hren, und sie bilden auch eine Infektionsquelle f\u00fcr die restlichen Insekten.[\/vc_column_text][\/vc_column][vc_column width=&#8221;1\/3&#8243;][vc_column_text]<\/p>\n<p><img loading=\"lazy\" decoding=\"async\" class=\"wp-image-2617 size-full aligncenter\" src=\"https:\/\/comerco.gr\/wp-content\/uploads\/microtech-sbx-english-1.jpg\" width=\"299\" height=\"272\" \/><\/p>\n<p>&nbsp;<\/p>\n<p><img loading=\"lazy\" decoding=\"async\" class=\"wp-image-2621 size-full aligncenter\" src=\"https:\/\/comerco.gr\/wp-content\/uploads\/microtech-sbx-english-2.jpg\" width=\"381\" height=\"307\" srcset=\"https:\/\/comerco.gr\/wp-content\/uploads\/microtech-sbx-english-2.jpg 381w, https:\/\/comerco.gr\/wp-content\/uploads\/microtech-sbx-english-2-300x242.jpg 300w\" sizes=\"auto, (max-width: 381px) 100vw, 381px\" \/><\/p>\n<p><img loading=\"lazy\" decoding=\"async\" class=\"wp-image-2625 size-full aligncenter\" src=\"https:\/\/comerco.gr\/wp-content\/uploads\/microtech-sbx-english-3.jpg\" width=\"348\" height=\"309\" srcset=\"https:\/\/comerco.gr\/wp-content\/uploads\/microtech-sbx-english-3.jpg 348w, https:\/\/comerco.gr\/wp-content\/uploads\/microtech-sbx-english-3-300x266.jpg 300w\" sizes=\"auto, (max-width: 348px) 100vw, 348px\" \/>[\/vc_column_text][\/vc_column][\/vc_row]<\/p>\n<\/div>","protected":false},"excerpt":{"rendered":"<p>[vc_row][vc_column width=&#8221;1\/3&#8243;][vc_column_text] &nbsp; [\/vc_column_text][\/vc_column][vc_column width=&#8221;2\/3&#8243;][vc_column_text] Microtech TX Das Aktivierungsmittel Microtech TX ist ein Mikroorganismenkomplex, der mittels eines speziellen organischen Stoffes aktiviert wird und eine besonders effektive Wirkung gegen viele phytopathogene Pilze auf verschiedene Weisen entwickelt: Durch die schnelle Besiedlung des Wurzelballens, wo er mit den pathogenen Pilzen um den Raum und die N\u00e4hrstoffe konkurriert und<\/p>\n","protected":false},"author":4,"featured_media":0,"parent":2955,"menu_order":0,"comment_status":"closed","ping_status":"closed","template":"","meta":{"footnotes":""},"class_list":["post-2961","page","type-page","status-publish","hentry"],"_links":{"self":[{"href":"https:\/\/comerco.gr\/de\/wp-json\/wp\/v2\/pages\/2961","targetHints":{"allow":["GET"]}}],"collection":[{"href":"https:\/\/comerco.gr\/de\/wp-json\/wp\/v2\/pages"}],"about":[{"href":"https:\/\/comerco.gr\/de\/wp-json\/wp\/v2\/types\/page"}],"author":[{"embeddable":true,"href":"https:\/\/comerco.gr\/de\/wp-json\/wp\/v2\/users\/4"}],"replies":[{"embeddable":true,"href":"https:\/\/comerco.gr\/de\/wp-json\/wp\/v2\/comments?post=2961"}],"version-history":[{"count":5,"href":"https:\/\/comerco.gr\/de\/wp-json\/wp\/v2\/pages\/2961\/revisions"}],"predecessor-version":[{"id":3931,"href":"https:\/\/comerco.gr\/de\/wp-json\/wp\/v2\/pages\/2961\/revisions\/3931"}],"up":[{"embeddable":true,"href":"https:\/\/comerco.gr\/de\/wp-json\/wp\/v2\/pages\/2955"}],"wp:attachment":[{"href":"https:\/\/comerco.gr\/de\/wp-json\/wp\/v2\/media?parent=2961"}],"curies":[{"name":"wp","href":"https:\/\/api.w.org\/{rel}","templated":true}]}}