{"id":2983,"date":"2016-08-03T17:42:53","date_gmt":"2016-08-03T14:42:53","guid":{"rendered":"http:\/\/microspore.gr\/de\/?page_id=2983"},"modified":"2018-02-07T13:48:07","modified_gmt":"2018-02-07T11:48:07","slug":"wer-wir-sind","status":"publish","type":"page","link":"https:\/\/comerco.gr\/de\/unternehmen\/wer-wir-sind\/","title":{"rendered":"Sacom Hellas-Microspore"},"content":{"rendered":"<h2><span style=\"color: #3366ff;\">Sacom Hellas-Microspore<\/span><\/h2>\n<p>Die Versteppung und die Bodenerosion, die von chemischen Ph\u00e4nomenen verursacht werden, haben katastrophale Folgen f\u00fcr die Landwirtschaft.<br \/>\nDank unserer Forschung haben wir \u201eintelligente Bakterien\u201c entwickelt und gew\u00e4hlt, welche die Grundlage der Biotechnologie-L\u00f6sungen ausmachen.<br \/>\nSacom Hellas-Microspore vertreibt verschiedene Reihen von biologischen und nat\u00fcrlichen D\u00fcngemitteln, organische und wasserl\u00f6sliche D\u00fcngemittel sowie D\u00fcngemittel mit zeitgesteuerter Freisetzung.<br \/>\nDer Sitz von Sacom Hellas-Microspore befindet sich in Athen und das Unternehmen hat dank seinen Vertragsh\u00e4ndlern und Kunden eine internationale Pr\u00e4senz und seine Produkte sind weltweit verf\u00fcgbar.<br \/>\nUnser Unternehmen vertreibt eine gro\u00dfe Vielfalt an organischen D\u00fcngemitteln in fl\u00fcssiger Form oder als Granulat.<br \/>\nUnser Team f\u00fcr Forschung und Entwicklung konzipiert neue D\u00fcngemittelmischungen f\u00fcr die vielf\u00e4ltigen Bed\u00fcrfnisse unserer Kunden.<\/p>\n<p>&nbsp;<\/p>\n","protected":false},"excerpt":{"rendered":"<p>Sacom Hellas-Microspore Die Versteppung und die Bodenerosion, die von chemischen Ph\u00e4nomenen verursacht werden, haben katastrophale Folgen f\u00fcr die Landwirtschaft. Dank unserer Forschung haben wir \u201eintelligente Bakterien\u201c entwickelt und gew\u00e4hlt, welche die Grundlage der Biotechnologie-L\u00f6sungen ausmachen. Sacom Hellas-Microspore vertreibt verschiedene Reihen von biologischen und nat\u00fcrlichen D\u00fcngemitteln, organische und wasserl\u00f6sliche D\u00fcngemittel sowie D\u00fcngemittel mit zeitgesteuerter Freisetzung. Der<\/p>\n","protected":false},"author":4,"featured_media":0,"parent":2717,"menu_order":0,"comment_status":"closed","ping_status":"closed","template":"","meta":{"footnotes":""},"class_list":["post-2983","page","type-page","status-publish","hentry"],"_links":{"self":[{"href":"https:\/\/comerco.gr\/de\/wp-json\/wp\/v2\/pages\/2983","targetHints":{"allow":["GET"]}}],"collection":[{"href":"https:\/\/comerco.gr\/de\/wp-json\/wp\/v2\/pages"}],"about":[{"href":"https:\/\/comerco.gr\/de\/wp-json\/wp\/v2\/types\/page"}],"author":[{"embeddable":true,"href":"https:\/\/comerco.gr\/de\/wp-json\/wp\/v2\/users\/4"}],"replies":[{"embeddable":true,"href":"https:\/\/comerco.gr\/de\/wp-json\/wp\/v2\/comments?post=2983"}],"version-history":[{"count":5,"href":"https:\/\/comerco.gr\/de\/wp-json\/wp\/v2\/pages\/2983\/revisions"}],"predecessor-version":[{"id":3859,"href":"https:\/\/comerco.gr\/de\/wp-json\/wp\/v2\/pages\/2983\/revisions\/3859"}],"up":[{"embeddable":true,"href":"https:\/\/comerco.gr\/de\/wp-json\/wp\/v2\/pages\/2717"}],"wp:attachment":[{"href":"https:\/\/comerco.gr\/de\/wp-json\/wp\/v2\/media?parent=2983"}],"curies":[{"name":"wp","href":"https:\/\/api.w.org\/{rel}","templated":true}]}}