{"id":3875,"date":"2018-02-07T19:35:04","date_gmt":"2018-02-07T17:35:04","guid":{"rendered":"https:\/\/microspore.gr\/?page_id=3875"},"modified":"2021-06-01T12:30:05","modified_gmt":"2021-06-01T09:30:05","slug":"strepse","status":"publish","type":"page","link":"https:\/\/comerco.gr\/de\/produkte\/greenspore\/strepse\/","title":{"rendered":"Strepse"},"content":{"rendered":"<div class=\"wpb-content-wrapper\"><p>[vc_row][vc_column][vc_column_text css_animation=&#8221;left-to-right&#8221; css=&#8221;.vc_custom_1467213450842{border-bottom-width: 40px !important;}&#8221;]<img loading=\"lazy\" decoding=\"async\" class=\"size-full wp-image-1891 alignnone\" src=\"https:\/\/comerco.gr\/wp-content\/uploads\/linee-greenspore.jpg\" alt=\"linee-greenspore\" width=\"832\" height=\"72\" \/>[\/vc_column_text][\/vc_column][\/vc_row][vc_row css=&#8221;.vc_custom_1467216387723{padding-top: 40px !important;}&#8221;][vc_column width=&#8221;1\/4&#8243;][vc_column_text]<img loading=\"lazy\" decoding=\"async\" class=\"alignleft size-full wp-image-1960\" src=\"https:\/\/comerco.gr\/wp-content\/uploads\/Agricaltura-biologica.jpg\" alt=\"Agricaltura-biologica\" width=\"58\" height=\"58\" srcset=\"https:\/\/comerco.gr\/wp-content\/uploads\/Agricaltura-biologica.jpg 58w, https:\/\/comerco.gr\/wp-content\/uploads\/Agricaltura-biologica-50x50.jpg 50w\" sizes=\"auto, (max-width: 58px) 100vw, 58px\" \/>\u00a0 <img loading=\"lazy\" decoding=\"async\" class=\"alignleft size-full wp-image-1959\" src=\"https:\/\/comerco.gr\/wp-content\/uploads\/Agricaltura-BIO.jpg\" alt=\"Agricaltura-BIO\" width=\"98\" height=\"62\" \/>[\/vc_column_text][\/vc_column][vc_column width=&#8221;1\/4&#8243;][\/vc_column][vc_column width=&#8221;1\/4&#8243;][\/vc_column][vc_column width=&#8221;1\/4&#8243; css=&#8221;.vc_custom_1467216523041{padding-top: 10px !important;}&#8221;][\/vc_column][\/vc_row][vc_row][vc_column][vc_column_text]<strong>DIE L\u00d6SUNG F\u00dcR DIE PR\u00c4VENTION VON BIOTISCHEM UND ABIOTISCHEM <\/strong>[\/vc_column_text][\/vc_column][\/vc_row][vc_row css=&#8221;.vc_custom_1467217509367{padding-top: 40px !important;}&#8221;][vc_column][vc_column_text]<strong>MERKMALE<\/strong><\/p>\n<p align=\"JUSTIFY\"><span lang=\"el-GR\">STREPSE ist eine innovative fl\u00fcssige Kombination, die die Naturpilze Microstym und Microtech SX enth\u00e4lt, die nat\u00fcrliche Mikroorganismen sind, welche einen wesentlichen Beitrag zur Pflanzenentwicklung und -gesundheit leisten.<br \/>\nSTREPSE bietet eine Reihe von Vorteilen wie: eine bessere Eisenassimilation von den Pflanzen dank bestimmter durch die Mikroorganismen produzierter organischer Stoffe, die Siderophore genannt werden, und einen wichtigen Beitrag zur Entwicklung der Pflanzen durch die Freisetzung von nat\u00fcrlichen n\u00fctzlichen Stoffen wie die Auxine.<br \/>\nZudem f\u00f6rdert die spezielle Zusammensetzung von STREPSE die L\u00f6slichkeit der anorganischen Phosphorsalze wie Calciummonophosphat und Calciumtriphosphat und tr\u00e4gt zur Optimierung der Abwehrkr\u00e4fte der Pflanzen gegen\u00fcber Stress und Krankheitserregern (besonders Pilzen) bei.<br \/>\n<\/span><\/p>\n<p>&nbsp;<\/p>\n<p><strong>DOSIERUNG UND VERWENDUNG<\/strong><\/p>\n<dl>\n<dd>\n<table border=\"1\" width=\"100%\" frame=\"BELOW\" rules=\"COLS\" cellspacing=\"0\" cellpadding=\"0\">\n<colgroup>\n<col width=\"180\" \/>\n<col width=\"151\" \/>\n<col width=\"322\" \/> <\/colgroup>\n<tbody>\n<tr valign=\"TOP\">\n<td bgcolor=\"#59bd7b\" width=\"180\" height=\"21\">\n<p align=\"CENTER\"><span style=\"color: #ffffff;\"><span style=\"font-family: Verdana, sans-serif;\"><span style=\"font-size: small;\"><b>KULTUR<\/b><\/span><\/span><\/span><\/p>\n<\/td>\n<td bgcolor=\"#59bd7b\" width=\"151\">\n<p align=\"CENTER\"><span style=\"color: #ffffff;\"><span style=\"font-family: Verdana, sans-serif;\"><span style=\"font-size: small;\"><b>DOSIERUNG<\/b><\/span><\/span><\/span><\/p>\n<\/td>\n<td bgcolor=\"#59bd7b\" width=\"322\"><span style=\"color: #ffffff;\"><span style=\"font-family: Verdana, sans-serif;\"><span style=\"font-size: small;\"><b>ANWENDUNGSZEITRAUM UND EMPFEHLUNGEN<\/b><\/span><\/span><\/span><\/td>\n<\/tr>\n<\/tbody>\n<tbody>\n<tr valign=\"TOP\">\n<td bgcolor=\"#cfe9d4\" width=\"180\" height=\"82\">\n<p lang=\"el-GR\"><span style=\"font-family: Verdana, sans-serif;\"><span style=\"font-size: small;\">Gem\u00fcse in Gew\u00e4chsh\u00e4usern und in Freilandkulturen (Eingriffe vor<br \/>\ndem Umpflanzen).<\/span><\/span><\/p>\n<\/td>\n<td bgcolor=\"#cfe9d4\" width=\"151\"><span style=\"font-family: Verdana, sans-serif;\"><span style=\"font-size: small;\">150 ml\/100 l Wasser<br \/>\n(+ Nutryaction<br \/>\n150 ml\/100 l Wasser) (*)<br \/>\n<\/span><\/span><\/td>\n<td bgcolor=\"#cfe9d4\" width=\"322\"><span style=\"font-family: Verdana, sans-serif;\"><span style=\"font-size: small;\"><span lang=\"el-GR\">Durchfeuchten des Wurzelsystems: Eintauchen oder N\u00e4ssen der W\u00fcrfel oder Trays f\u00fcr die Steck- oder Keimlinge einige Minuten vor dem Umpflanzen (Bl\u00e4tter nicht mit dem Produkt benetzen). Lokaler Eingriff mit der L\u00f6sung unmittelbar nach dem Umpflanzen.<\/span><\/span><\/span><\/td>\n<\/tr>\n<\/tbody>\n<tbody>\n<tr valign=\"TOP\">\n<td width=\"180\" height=\"49\">\n<p lang=\"el-GR\"><span style=\"font-family: Verdana, sans-serif;\"><span style=\"font-size: small;\">Gem\u00fcse in Gew\u00e4chsh\u00e4usern und in Freilandkulturen.<\/span><\/span><\/p>\n<\/td>\n<td width=\"151\"><span style=\"font-family: Verdana, sans-serif;\"><span style=\"font-size: small;\">200 ml\/1000 m\u00b2 (+Nutryaction 500ml\/1000 m\u00b2) (*)<\/span><\/span><\/td>\n<td width=\"322\">\n<p lang=\"el-GR\"><span style=\"font-family: Verdana, sans-serif;\"><span style=\"font-size: small;\">3 Eingriffe durch d\u00fcngende Bew\u00e4sserung im Abstand von 8-10 Tagen, je nach Zyklus.<\/span><\/span><\/p>\n<\/td>\n<\/tr>\n<\/tbody>\n<tbody>\n<tr valign=\"TOP\">\n<td bgcolor=\"#cfe9d4\" width=\"180\" height=\"66\">\n<p lang=\"el-GR\"><span style=\"font-family: Verdana, sans-serif;\"><span style=\"font-size: small;\">Obstb\u00e4ume (Rebe, Birne, Apfel, Steinobst allgemein, usw.)<\/span><\/span><\/p>\n<\/td>\n<td bgcolor=\"#cfe9d4\" width=\"151\"><span style=\"font-family: Verdana, sans-serif;\"><span style=\"font-size: small;\">0,2 l\/1000 m\u00b2<br \/>\n(+Nutryaction<br \/>\n0,5 l\/1000 m\u00b2) (*)<br \/>\n<\/span><\/span><\/td>\n<td bgcolor=\"#cfe9d4\" width=\"322\">\n<p lang=\"el-GR\"><span style=\"font-family: Verdana, sans-serif;\"><span style=\"font-size: small;\">2-3 Anwendungen bei der d\u00fcngenden Bew\u00e4sserung vor der Bl\u00fctezeit<\/span><\/span><\/p>\n<\/td>\n<\/tr>\n<\/tbody>\n<tbody>\n<tr valign=\"TOP\">\n<td width=\"180\" height=\"56\">\n<p lang=\"el-GR\"><span style=\"font-family: Verdana, sans-serif;\"><span style=\"font-size: small;\">Mais<\/span><\/span><\/p>\n<\/td>\n<td width=\"151\"><span style=\"font-size: small; font-family: Verdana, sans-serif;\">0,2 l\/1000 m\u00b2<br \/>\n(+Nutryaction<br \/>\n0,5 l\/1000 m\u00b2) (*)<\/span><\/td>\n<td width=\"322\">\n<p lang=\"el-GR\"><span style=\"font-family: Verdana, sans-serif;\"><span style=\"font-size: small;\">Erste Kultivierungsphasen (w\u00e4hrend<br \/>\ndes Unkrautbek\u00e4mpfungsverfahrens vor dem Notfall))<\/span><\/span><\/p>\n<\/td>\n<\/tr>\n<\/tbody>\n<tbody>\n<tr valign=\"TOP\">\n<td bgcolor=\"#cfe9d4\" width=\"180\" height=\"64\">\n<p lang=\"el-GR\"><span style=\"font-family: Verdana, sans-serif;\"><span style=\"font-size: small;\">Blumenzucht<\/span><\/span><\/p>\n<\/td>\n<td bgcolor=\"#cfe9d4\" width=\"151\"><span style=\"font-family: Verdana, sans-serif;\"><span style=\"font-size: small;\">200 ml\/1000 m\u00b2<br \/>\n(+Nutryaction<br \/>\n200 ml\/1000 m\u00b2) (*)<br \/>\n<\/span><\/span><\/td>\n<td bgcolor=\"#cfe9d4\" width=\"322\">\n<p lang=\"el-GR\"><span style=\"font-family: Verdana, sans-serif;\"><span style=\"font-size: small;\">3-5 Anwendungen bei der d\u00fcngenden Bew\u00e4sserung und nach dem Umpflanzen<\/span><\/span><\/p>\n<\/td>\n<\/tr>\n<\/tbody>\n<tbody>\n<tr valign=\"TOP\">\n<td width=\"180\" height=\"58\"><span style=\"font-family: Verdana, sans-serif;\"><span style=\"font-size: small;\"><span lang=\"el-GR\">Pflanzschulen im Freien.<\/span><\/span><\/span><\/td>\n<td width=\"151\"><span style=\"font-size: small; font-family: Verdana, sans-serif;\">200 ml\/100 l Wasser<br \/>\n(+ Nutryaction<br \/>\n100 ml\/100 l Wasser) (*))<\/span><\/td>\n<td width=\"322\"><span style=\"font-family: Verdana, sans-serif;\"><span style=\"font-size: small;\"><span lang=\"el-GR\">Durchfeuchten des Wurzelsystems<\/span><\/span><\/span><\/td>\n<\/tr>\n<tr valign=\"TOP\">\n<td width=\"180\" height=\"54\"><\/td>\n<td width=\"151\"><span style=\"font-family: Verdana, sans-serif;\"><span style=\"font-size: small;\">0,3 l\/1000 m\u00b2<br \/>\n(+Nutryaction<br \/>\n0,5 l\/1000 m\u00b2) (*)<\/span><\/span><\/td>\n<td width=\"322\">\n<p lang=\"el-GR\"><span style=\"font-family: Verdana, sans-serif;\"><span style=\"font-size: small;\">3-5 Eingriffe bei der d\u00fcngenden Bew\u00e4sserung von den ersten Phasen an und w\u00e4hrend der gesamten Anbauperiode<\/span><\/span><\/p>\n<\/td>\n<\/tr>\n<\/tbody>\n<tbody>\n<tr valign=\"TOP\">\n<td bgcolor=\"#cfe9d4\" width=\"180\" height=\"26\"><span style=\"font-family: Verdana, sans-serif;\"><span style=\"font-size: small;\"><span lang=\"el-GR\">Aussaat von Zierrasen.<\/span><\/span><\/span><\/td>\n<td bgcolor=\"#cfe9d4\" width=\"151\"><span style=\"font-family: Verdana, sans-serif;\"><span style=\"font-size: small;\">0,2 l\/1000 m\u00b2<br \/>\n(+Nutryaction<br \/>\n1 l\/1000 m\u00b2) (*)<br \/>\n<\/span><\/span><\/td>\n<td bgcolor=\"#cfe9d4\" width=\"322\"><span style=\"font-family: Verdana, sans-serif;\"><span style=\"font-size: small;\"><span lang=\"el-GR\">Nach der Aussaat nehmen sie eine d\u00fcngende Bew\u00e4sserung mit einem ausreichenden Volumen (mindestens 5 mm) vor<\/span><\/span><\/span><\/td>\n<\/tr>\n<\/tbody>\n<tbody>\n<tr valign=\"TOP\">\n<td bgcolor=\"#cfe9d4\" width=\"180\" height=\"57\">\n<p lang=\"el-GR\"><span style=\"font-family: Verdana, sans-serif;\"><span style=\"font-size: small;\">Rasenfl\u00e4chen<\/span><\/span><\/p>\n<\/td>\n<td bgcolor=\"#cfe9d4\" width=\"151\"><span style=\"font-family: Verdana, sans-serif;\"><span style=\"font-size: small;\">0,3 l\/1000 m\u00b2<br \/>\n(+Nutryaction<br \/>\n0,5 l\/1000 m\u00b2) (*)<br \/>\n<\/span><\/span><\/td>\n<td bgcolor=\"#cfe9d4\" width=\"322\">\n<p lang=\"el-GR\"><span style=\"font-family: Verdana, sans-serif;\"><span style=\"font-size: small;\">2-3 Anwendungen vom ersten Wachstumsstadium an<\/span><\/span><\/p>\n<\/td>\n<\/tr>\n<\/tbody>\n<tbody>\n<tr>\n<td colspan=\"3\" valign=\"TOP\" width=\"652\" height=\"36\">\n<p lang=\"el-GR\"><span style=\"font-family: Verdana, sans-serif;\"><span style=\"font-size: small;\">Hinweis: (*) Das Pr\u00e4parat muss vor Gebrauch durch die richtige Vermischung mit etwas Wasser aktiviert werden. R\u00fchren Sie es um und lassen Sie es zur Aktivierung mindestens 3, vorzugsweise 8-10 Stunden stehen.<\/span><\/span><\/p>\n<\/td>\n<\/tr>\n<\/tbody>\n<\/table>\n<\/dd>\n<\/dl>\n<p lang=\"el-GR\"><strong><span style=\"font-family: Verdana, sans-serif;\"><span style=\"font-size: small;\">Ihr Agronom, der \u00fcber die Einzelheiten ihrer Kultur Bescheid wei\u00df, kann Ihnen die n\u00f6tige Dosierung empfehlen.<\/span><\/span><\/strong><\/p>\n<p>[\/vc_column_text][\/vc_column][\/vc_row][vc_row][vc_column][vc_column_text]<\/p>\n<table style=\"width: 100%; height: 163px; border: 0px;\">\n<tbody>\n<tr>\n<td style=\"width: 89.3648%; vertical-align: bottom; border: 0px none; text-align: right;\"><strong>PACKUNGSGR\u00d6SSEN: Flasche 200 ml und 1 l<\/strong><\/td>\n<td style=\"width: 10%; border: 0px;\"><img loading=\"lazy\" decoding=\"async\" class=\"size-full wp-image-2084 alignright\" src=\"https:\/\/comerco.gr\/wp-content\/uploads\/bottle.jpg\" alt=\"bottle\" width=\"72\" height=\"166\" \/><\/td>\n<\/tr>\n<\/tbody>\n<\/table>\n<p>[\/vc_column_text][\/vc_column][\/vc_row][vc_row css=&#8221;.vc_custom_1467308452976{padding-top: 40px !important;}&#8221;][vc_column][vc_btn title=&#8221;Zur\u00fcck in Greenspore&#8221; color=&#8221;success&#8221; css_animation=&#8221;left-to-right&#8221; link=&#8221;url:https%3A%2F%2Fcomerco.gr%2Fde%2Fprodukte%2Fgreenspore%2F||&#8221;][\/vc_column][\/vc_row]<\/p>\n<\/div>","protected":false},"excerpt":{"rendered":"<p>[vc_row][vc_column][vc_column_text css_animation=&#8221;left-to-right&#8221; css=&#8221;.vc_custom_1467213450842{border-bottom-width: 40px !important;}&#8221;][\/vc_column_text][\/vc_column][\/vc_row][vc_row css=&#8221;.vc_custom_1467216387723{padding-top: 40px !important;}&#8221;][vc_column width=&#8221;1\/4&#8243;][vc_column_text]\u00a0 [\/vc_column_text][\/vc_column][vc_column width=&#8221;1\/4&#8243;][\/vc_column][vc_column width=&#8221;1\/4&#8243;][\/vc_column][vc_column width=&#8221;1\/4&#8243; css=&#8221;.vc_custom_1467216523041{padding-top: 10px !important;}&#8221;][\/vc_column][\/vc_row][vc_row][vc_column][vc_column_text]DIE L\u00d6SUNG F\u00dcR DIE PR\u00c4VENTION VON BIOTISCHEM UND ABIOTISCHEM [\/vc_column_text][\/vc_column][\/vc_row][vc_row css=&#8221;.vc_custom_1467217509367{padding-top: 40px !important;}&#8221;][vc_column][vc_column_text]MERKMALE STREPSE ist eine innovative fl\u00fcssige Kombination, die die Naturpilze Microstym und Microtech SX enth\u00e4lt, die nat\u00fcrliche Mikroorganismen sind, welche einen wesentlichen Beitrag zur Pflanzenentwicklung und -gesundheit leisten.<\/p>\n","protected":false},"author":4,"featured_media":0,"parent":3849,"menu_order":0,"comment_status":"closed","ping_status":"closed","template":"","meta":{"footnotes":""},"class_list":["post-3875","page","type-page","status-publish","hentry"],"_links":{"self":[{"href":"https:\/\/comerco.gr\/de\/wp-json\/wp\/v2\/pages\/3875","targetHints":{"allow":["GET"]}}],"collection":[{"href":"https:\/\/comerco.gr\/de\/wp-json\/wp\/v2\/pages"}],"about":[{"href":"https:\/\/comerco.gr\/de\/wp-json\/wp\/v2\/types\/page"}],"author":[{"embeddable":true,"href":"https:\/\/comerco.gr\/de\/wp-json\/wp\/v2\/users\/4"}],"replies":[{"embeddable":true,"href":"https:\/\/comerco.gr\/de\/wp-json\/wp\/v2\/comments?post=3875"}],"version-history":[{"count":4,"href":"https:\/\/comerco.gr\/de\/wp-json\/wp\/v2\/pages\/3875\/revisions"}],"predecessor-version":[{"id":3950,"href":"https:\/\/comerco.gr\/de\/wp-json\/wp\/v2\/pages\/3875\/revisions\/3950"}],"up":[{"embeddable":true,"href":"https:\/\/comerco.gr\/de\/wp-json\/wp\/v2\/pages\/3849"}],"wp:attachment":[{"href":"https:\/\/comerco.gr\/de\/wp-json\/wp\/v2\/media?parent=3875"}],"curies":[{"name":"wp","href":"https:\/\/api.w.org\/{rel}","templated":true}]}}