{"id":3884,"date":"2018-02-08T16:28:46","date_gmt":"2018-02-08T14:28:46","guid":{"rendered":"https:\/\/microspore.gr\/?page_id=3884"},"modified":"2021-06-01T12:30:05","modified_gmt":"2021-06-01T09:30:05","slug":"nutryaction","status":"publish","type":"page","link":"https:\/\/comerco.gr\/de\/produkte\/greenspore\/nutryaction\/","title":{"rendered":"Nutryaction"},"content":{"rendered":"<div class=\"wpb-content-wrapper\"><p>[vc_row][vc_column][vc_column_text css_animation=&#8221;left-to-right&#8221; css=&#8221;.vc_custom_1467213450842{border-bottom-width: 40px !important;}&#8221;]<img loading=\"lazy\" decoding=\"async\" class=\"size-full wp-image-1891 alignnone\" src=\"https:\/\/comerco.gr\/wp-content\/uploads\/linee-greenspore.jpg\" alt=\"linee-greenspore\" width=\"832\" height=\"72\" \/>[\/vc_column_text][\/vc_column][\/vc_row][vc_row css=&#8221;.vc_custom_1467216387723{padding-top: 40px !important;}&#8221;][vc_column width=&#8221;1\/4&#8243;][vc_column_text]<img loading=\"lazy\" decoding=\"async\" class=\"alignleft size-full wp-image-1960\" src=\"https:\/\/comerco.gr\/wp-content\/uploads\/Agricaltura-biologica.jpg\" alt=\"Agricaltura-biologica\" width=\"58\" height=\"58\" srcset=\"https:\/\/comerco.gr\/wp-content\/uploads\/Agricaltura-biologica.jpg 58w, https:\/\/comerco.gr\/wp-content\/uploads\/Agricaltura-biologica-50x50.jpg 50w\" sizes=\"auto, (max-width: 58px) 100vw, 58px\" \/>\u00a0 <img loading=\"lazy\" decoding=\"async\" class=\"alignleft size-full wp-image-1959\" src=\"https:\/\/comerco.gr\/wp-content\/uploads\/Agricaltura-BIO.jpg\" alt=\"Agricaltura-BIO\" width=\"98\" height=\"62\" \/>[\/vc_column_text][\/vc_column][vc_column width=&#8221;1\/4&#8243;][\/vc_column][vc_column width=&#8221;1\/4&#8243;][\/vc_column][vc_column width=&#8221;1\/4&#8243; css=&#8221;.vc_custom_1467216523041{padding-top: 10px !important;}&#8221;][\/vc_column][\/vc_row][vc_row][vc_column][vc_column_text][\/vc_column_text][\/vc_column][\/vc_row][vc_row css=&#8221;.vc_custom_1467217509367{padding-top: 40px !important;}&#8221;][vc_column][vc_column_text]<strong>DIE L\u00d6SUNG F\u00dcR DIE PR\u00c4VENTION VON BIOTISCHEM UND ABIOTISCHEM STRESS<\/strong><\/p>\n<p lang=\"el-GR\">FL\u00dcSSIGER BIO-STICKSTOFFD\u00dcNGER &#8211; Fl\u00fcssiger Hefeextrakt mit Braunalgen. Erlaubt in der biologischen Landwirtschaft gem\u00e4\u00df Gesetzesverordnung 75\/2010.<\/p>\n<p lang=\"el-GR\"><strong>MERKMALE<\/strong><\/p>\n<div><span style=\"font-size: small; font-family: Verdana, sans-serif;\">Dank seiner speziellen Zusammensetzung, die sich auf pflanzliche organische Molek\u00fcle mit niedrigem Molekulargewicht st\u00fctzt, und seiner positiven Wirkung auf die Photosyntheseprozesse, f\u00f6rdert NUTRYACTION das schnelle Wachstum aller Pflanzenarten. Es wird empfohlen, es auch f\u00fcr die Begrenzung von Stress durch die Fr\u00fchlingsk\u00e4lte zu verwenden. Wenn es auf dem Boden angewandt wird, f\u00f6rdert es auch die Wirkung der n\u00fctzlichen Mikroflora, da es als N\u00e4hrstoff das Wachstum aktiviert.<br \/>\nAm besten wird NUTRYACTION in Verbindung mit allen Produkten gleichzeitig oder im Nachhinein verwendet, die sich auf Mikroorganismen st\u00fctzen (Greenspore-Reihe), was eine fr\u00fchere und wirksamere Aktivierung erlaubt. Diese Anwendung stellt eine bessere vorbeugende Wirkung zur Begegnung von biotischem Stress sicher und f\u00f6rdert die Entwicklung von Wurzeln und Blattwerk.<\/span><\/div>\n<p><strong>DOSIERUNG UND VERWENDUNG<\/strong><\/p>\n<dl>\n<dd>\n<table border=\"1\" width=\"100%\" frame=\"BELOW\" cellspacing=\"0\" cellpadding=\"0\">\n<colgroup>\n<col width=\"158\" \/>\n<col width=\"133\" \/>\n<col width=\"353\" \/> <\/colgroup>\n<tbody>\n<tr valign=\"TOP\">\n<td bgcolor=\"#59bd7b\" width=\"158\" height=\"22\">\n<p align=\"CENTER\"><span style=\"color: #ffffff;\"><span style=\"font-family: Verdana, sans-serif;\"><span style=\"font-size: small;\"><b>KULTUR<\/b><\/span><\/span><\/span><\/p>\n<\/td>\n<td bgcolor=\"#59bd7b\" width=\"133\"><span style=\"color: #ffffff;\"><span style=\"font-family: Verdana, sans-serif;\"><span style=\"font-size: small;\"><b>DOSIERUNG<\/b><\/span><\/span><\/span><\/td>\n<td bgcolor=\"#59bd7b\" width=\"353\"><span style=\"color: #ffffff;\"><span style=\"font-family: Verdana, sans-serif;\"><span style=\"font-size: small;\"><b>ANWENDUNGSZEITRAUM UND EMPFEHLUNGEN<\/b><\/span><\/span><\/span><\/td>\n<\/tr>\n<tr valign=\"TOP\">\n<td bgcolor=\"#cfe9d4\" width=\"158\" height=\"82\"><span style=\"font-family: Verdana, sans-serif;\"><span style=\"font-size: small;\"><span lang=\"el-GR\">Bei allen Kulturen zur Vorabaktivierung der Pr\u00e4parate, die sich<br \/>\nauf Mikroorganismen st\u00fctzen<br \/>\n(Greenspore-Reihe)<\/span><\/span><\/span><\/td>\n<td bgcolor=\"#cfe9d4\" width=\"133\"><span style=\"font-family: Verdana, sans-serif;\"><span style=\"font-size: small;\"><span lang=\"el-GR\">1-2 l Nutryaction pro Liter des<br \/>\nmikrobiologischen Pr\u00e4parats<\/span><\/span><\/span><\/td>\n<td bgcolor=\"#cfe9d4\" width=\"353\"><span style=\"font-family: Verdana, sans-serif;\"><span style=\"font-size: small;\"><span lang=\"el-GR\">Mischen Sie 2-6 Stunden vor Gebrauch Nutryaction und das erw\u00fcnschte mikrobiologische Pr\u00e4parat mit etwas Wasser.<\/span><\/span><\/span><\/td>\n<\/tr>\n<tr valign=\"TOP\">\n<td width=\"158\" height=\"51\">Gem\u00fcse, Obstb\u00e4ume, Blumenzucht<\/td>\n<td width=\"133\">100-200 ml\/100 l<br \/>\nWasser<\/td>\n<td width=\"353\">\n<p lang=\"el-GR\"><span style=\"font-family: Verdana, sans-serif;\"><span style=\"font-size: small;\">\u0395Durchfeuchten des Wurzelsystems: Eintauchen oder N\u00e4ssen der W\u00fcrfel oder Trays f\u00fcr die Steck- oder Keimlinge einige Minuten vor dem Umpflanzen und danach umpflanzen.<\/span><\/span><\/p>\n<\/td>\n<\/tr>\n<tr valign=\"TOP\">\n<td bgcolor=\"#cfe9d4\" width=\"158\" height=\"36\">\n<p lang=\"el-GR\"><span style=\"font-family: Verdana, sans-serif;\"><span style=\"font-size: small;\">Gem\u00fcse<\/span><\/span><\/p>\n<\/td>\n<td bgcolor=\"#cfe9d4\" width=\"133\">200-500 ml\/1000 m\u00b2<\/td>\n<td bgcolor=\"#cfe9d4\" width=\"353\">\n<p lang=\"el-GR\">2-3 d\u00fcngende Bew\u00e4sserungen alle 7-8 w\u00e4hrend des ganzen Produktionszyklus.<\/p>\n<\/td>\n<\/tr>\n<tr valign=\"TOP\">\n<td width=\"158\" height=\"36\">\n<p lang=\"el-GR\">Obstb\u00e4ume allgemein und Zierb\u00e4ume<\/p>\n<\/td>\n<td width=\"133\"><span style=\"font-family: Verdana, sans-serif;\"><span style=\"font-size: small;\">0,2-0,5 l\/1000 \u03c4\u03bc<\/span><\/span><\/td>\n<td width=\"353\">\n<p lang=\"el-GR\"><span style=\"font-family: Verdana, sans-serif;\"><span style=\"font-size: small;\">\u00a02-3 Anwendungen bei der d\u00fcngenden Bew\u00e4sserung w\u00e4hrend der Produktionsperiode.<\/span><\/span><\/p>\n<\/td>\n<\/tr>\n<tr valign=\"TOP\">\n<td bgcolor=\"#cfe9d4\" width=\"158\" height=\"51\">\n<p lang=\"el-GR\"><span style=\"font-family: Verdana, sans-serif;\"><span style=\"font-size: small;\">Obstb\u00e4ume, Gem\u00fcse, Zierb\u00e4ume (Blattanwendung)<\/span><\/span><\/p>\n<\/td>\n<td bgcolor=\"#cfe9d4\" width=\"133\">100-200 ml\/100 l<br \/>\nWasser<\/td>\n<td bgcolor=\"#cfe9d4\" width=\"353\">Ab den ersten Phasen<\/td>\n<\/tr>\n<tr valign=\"TOP\">\n<td width=\"158\" height=\"36\">\n<p lang=\"el-GR\">Blumenzucht<\/p>\n<\/td>\n<td width=\"133\">100-200 ml\/1000 m\u00b2<\/td>\n<td width=\"353\">\n<p lang=\"el-GR\"><span style=\"font-family: Verdana, sans-serif;\"><span style=\"font-size: small;\">2-3 d\u00fcngende Bew\u00e4sserungen alle 7-8 Tage w\u00e4hrend des ganzen Produktionszyklus.<\/span><\/span><\/p>\n<\/td>\n<\/tr>\n<tr>\n<td colspan=\"3\" valign=\"TOP\" bgcolor=\"#cfe9d4\" width=\"643\" height=\"52\">\n<p lang=\"el-GR\"><span style=\"font-family: Verdana, sans-serif;\"><span style=\"font-size: small;\">HINWEIS: -Im Falle von Blattanwendung bei Bl\u00fcten- und Zierpflanzenkulturen verwenden Sie, wenn es Knospen oder Bl\u00fcten gibt, die geringste empfohlene Dosierung, um das F\u00e4rben von empfindlichen Bl\u00fctenbl\u00e4ttern zu vermeiden.<\/span><\/span><\/p>\n<\/td>\n<\/tr>\n<\/tbody>\n<\/table>\n<\/dd>\n<\/dl>\n<dl>\n<dd><\/dd>\n<\/dl>\n<p lang=\"el-GR\"><strong><span style=\"font-family: Verdana, sans-serif;\"><span style=\"font-size: small;\">KOMPATIBILIT\u00c4T<br \/>\nMit den in der Landwirtschaft \u00fcblich verwendeten Produkten kompatibel. Es wird empfohlen, es nicht zusammen mit Mineral\u00f6len oder mit Produkten mit alkalischer Reaktion zu verwenden.<br \/>\n.<\/span><\/span><\/strong><\/p>\n<p>[\/vc_column_text][\/vc_column][\/vc_row][vc_row][vc_column][vc_column_text]<\/p>\n<table style=\"width: 100%; height: 163px; border: 0px;\">\n<tbody>\n<tr>\n<td style=\"width: 89.0674%; vertical-align: bottom; border: 0px none; text-align: right;\">PACKUNGSGR\u00d6SSEN: Flasche 1 l und Beh\u00e4lter 5 l<\/td>\n<td style=\"width: 10%; border: 0px;\"><img loading=\"lazy\" decoding=\"async\" class=\"size-full wp-image-2084 alignright\" src=\"https:\/\/comerco.gr\/wp-content\/uploads\/bottle.jpg\" alt=\"bottle\" width=\"72\" height=\"166\" \/><\/td>\n<\/tr>\n<\/tbody>\n<\/table>\n<p>[\/vc_column_text][\/vc_column][\/vc_row][vc_row css=&#8221;.vc_custom_1467308452976{padding-top: 40px !important;}&#8221;][vc_column][vc_btn title=&#8221;Zur\u00fcck in Greenspore&#8221; color=&#8221;success&#8221; css_animation=&#8221;left-to-right&#8221; link=&#8221;url:https%3A%2F%2Fcomerco.gr%2Fde%2Fprodukte%2Fgreenspore%2F||&#8221;][\/vc_column][\/vc_row]<\/p>\n<\/div>","protected":false},"excerpt":{"rendered":"<p>[vc_row][vc_column][vc_column_text css_animation=&#8221;left-to-right&#8221; css=&#8221;.vc_custom_1467213450842{border-bottom-width: 40px !important;}&#8221;][\/vc_column_text][\/vc_column][\/vc_row][vc_row css=&#8221;.vc_custom_1467216387723{padding-top: 40px !important;}&#8221;][vc_column width=&#8221;1\/4&#8243;][vc_column_text]\u00a0 [\/vc_column_text][\/vc_column][vc_column width=&#8221;1\/4&#8243;][\/vc_column][vc_column width=&#8221;1\/4&#8243;][\/vc_column][vc_column width=&#8221;1\/4&#8243; css=&#8221;.vc_custom_1467216523041{padding-top: 10px !important;}&#8221;][\/vc_column][\/vc_row][vc_row][vc_column][vc_column_text][\/vc_column_text][\/vc_column][\/vc_row][vc_row css=&#8221;.vc_custom_1467217509367{padding-top: 40px !important;}&#8221;][vc_column][vc_column_text]DIE L\u00d6SUNG F\u00dcR DIE PR\u00c4VENTION VON BIOTISCHEM UND ABIOTISCHEM STRESS FL\u00dcSSIGER BIO-STICKSTOFFD\u00dcNGER &#8211; Fl\u00fcssiger Hefeextrakt mit Braunalgen. Erlaubt in der biologischen Landwirtschaft gem\u00e4\u00df Gesetzesverordnung 75\/2010. MERKMALE Dank seiner speziellen Zusammensetzung, die sich auf pflanzliche organische Molek\u00fcle mit<\/p>\n","protected":false},"author":4,"featured_media":0,"parent":3849,"menu_order":0,"comment_status":"closed","ping_status":"closed","template":"","meta":{"footnotes":""},"class_list":["post-3884","page","type-page","status-publish","hentry"],"_links":{"self":[{"href":"https:\/\/comerco.gr\/de\/wp-json\/wp\/v2\/pages\/3884","targetHints":{"allow":["GET"]}}],"collection":[{"href":"https:\/\/comerco.gr\/de\/wp-json\/wp\/v2\/pages"}],"about":[{"href":"https:\/\/comerco.gr\/de\/wp-json\/wp\/v2\/types\/page"}],"author":[{"embeddable":true,"href":"https:\/\/comerco.gr\/de\/wp-json\/wp\/v2\/users\/4"}],"replies":[{"embeddable":true,"href":"https:\/\/comerco.gr\/de\/wp-json\/wp\/v2\/comments?post=3884"}],"version-history":[{"count":5,"href":"https:\/\/comerco.gr\/de\/wp-json\/wp\/v2\/pages\/3884\/revisions"}],"predecessor-version":[{"id":3945,"href":"https:\/\/comerco.gr\/de\/wp-json\/wp\/v2\/pages\/3884\/revisions\/3945"}],"up":[{"embeddable":true,"href":"https:\/\/comerco.gr\/de\/wp-json\/wp\/v2\/pages\/3849"}],"wp:attachment":[{"href":"https:\/\/comerco.gr\/de\/wp-json\/wp\/v2\/media?parent=3884"}],"curies":[{"name":"wp","href":"https:\/\/api.w.org\/{rel}","templated":true}]}}