{"id":3903,"date":"2018-02-09T10:46:28","date_gmt":"2018-02-09T08:46:28","guid":{"rendered":"https:\/\/microspore.gr\/?page_id=3903"},"modified":"2021-06-01T12:30:05","modified_gmt":"2021-06-01T09:30:05","slug":"lecan","status":"publish","type":"page","link":"https:\/\/comerco.gr\/de\/produkte\/greenspore\/lecan\/","title":{"rendered":"LECAN Reihe"},"content":{"rendered":"<div class=\"wpb-content-wrapper\"><p>[vc_row][vc_column][vc_column_text css_animation=&#8221;left-to-right&#8221; css=&#8221;.vc_custom_1467213450842{border-bottom-width: 40px !important;}&#8221;]<img loading=\"lazy\" decoding=\"async\" class=\"size-full wp-image-1891 alignnone\" src=\"https:\/\/comerco.gr\/wp-content\/uploads\/linee-greenspore.jpg\" alt=\"linee-greenspore\" width=\"832\" height=\"72\" \/>[\/vc_column_text][\/vc_column][\/vc_row][vc_row css=&#8221;.vc_custom_1467216387723{padding-top: 40px !important;}&#8221;][vc_column width=&#8221;1\/4&#8243;][vc_column_text]<img loading=\"lazy\" decoding=\"async\" class=\"alignleft size-full wp-image-1960\" src=\"https:\/\/comerco.gr\/wp-content\/uploads\/Agricaltura-biologica.jpg\" alt=\"Agricaltura-biologica\" width=\"58\" height=\"58\" srcset=\"https:\/\/comerco.gr\/wp-content\/uploads\/Agricaltura-biologica.jpg 58w, https:\/\/comerco.gr\/wp-content\/uploads\/Agricaltura-biologica-50x50.jpg 50w\" sizes=\"auto, (max-width: 58px) 100vw, 58px\" \/>\u00a0 <img loading=\"lazy\" decoding=\"async\" class=\"alignleft size-full wp-image-1959\" src=\"https:\/\/comerco.gr\/wp-content\/uploads\/Agricaltura-BIO.jpg\" alt=\"Agricaltura-BIO\" width=\"98\" height=\"62\" \/>[\/vc_column_text][\/vc_column][vc_column width=&#8221;1\/4&#8243;][\/vc_column][vc_column width=&#8221;1\/4&#8243;][\/vc_column][vc_column width=&#8221;1\/4&#8243; css=&#8221;.vc_custom_1467216523041{padding-top: 10px !important;}&#8221;][\/vc_column][\/vc_row][vc_row][vc_column][vc_column_text]<strong>L\u00d6SUNGEN F\u00dcR DIE PR\u00c4VENTION VON BIOTISCHEM UND ABIOTISCHEM STRESS<\/strong>[\/vc_column_text][\/vc_column][\/vc_row][vc_row css=&#8221;.vc_custom_1467217509367{padding-top: 40px !important;}&#8221;][vc_column][vc_column_text]<strong>LECAN <\/strong>Linea Greenpower ist eine innovative fl\u00fcssige Kombination, die Mykorrhizen der Art Glomus, d.h. lebef\u00e4hige Konidien des Naturpilzes Lecanicillium, enth\u00e4lt<\/p>\n<p><strong>MERKMALE<\/strong><\/p>\n<p>Die im LECAN Linea Greenpower enthaltenen Mikroorganismen bieten der Pflanze wirksame Unterst\u00fctzung bei der Bek\u00e4mpfung von Stress, der durch pflanzenfressende Insekte verursacht wird.<\/p>\n<p><strong>WARNHINWEISE<\/strong><\/p>\n<p>Nicht einfrieren. Das Produkt hat eine Lebensdauer von mindestens zwei Jahren, wenn es hermetisch verschlossen und gesch\u00fctzt, trocken und von W\u00e4rmequellen und direktem Sonnenlicht entfernt aufbewahrt wird. Es braucht nicht im K\u00fchlschrank aufbewahrt zu werden.<br \/>\nDie optimale Lagertemperatur betr\u00e4gt 10-25 \u00b0C. Wenn das Produkt nicht verdorben ist, ist es nicht giftig. Allerdings, aufgrund der hohen Konzentration, den Kontakt mit den Augen und dem Mund vermeiden. Nicht Verschlucken. Darf nicht in die H\u00e4nde von Kindern gelangen.<\/p>\n<p><strong>KENNZEICHNUNG<\/strong><\/p>\n<p>Impfstoff aus Mykorrhiza-Pilzen<br \/>\nErlaubt in der biologischen Landwirtschaft gem\u00e4\u00df Gesetzesverordnung 75\/2010<\/p>\n<p><strong>DOSIERUNG UND VERWENDUNG<\/strong><\/p>\n<table width=\"100%\">\n<tbody>\n<tr>\n<td width=\"85\">KULTUR<\/td>\n<td width=\"74\">ANWENDUNG<\/td>\n<td width=\"521\">DOSIERUNG UND VERWENDUNG<\/td>\n<\/tr>\n<tr>\n<td width=\"85\">Alle Kulturpflanzen<\/td>\n<td width=\"74\">Blatteingriffe f\u00fcr den gesamten Anbauzyklus<\/td>\n<td width=\"521\">Bei Stress oder wenn die Bedingungen f\u00fcr sein potenzielles Auftreten g\u00fcnstig sind, bespr\u00fchen Sie mit einer L\u00f6sung von 200 ml LECAN LG + 200 ml Nutryaction pro 100 l Wasser.<br \/>\nWiederholen Sie mehrmals alle 7-10 Tage w\u00e4hrend des Anbauzyklus, je nach Bedarf und Jahreszeit oder je nachdem, wie schwerwiegend oder persistent die Bedingungen sind, die die Pflanze f\u00fcr Stress und Befall anf\u00e4llig machen.<br \/>\nWenden Sie das Produkt in den k\u00fchlen Tagesstunden mit hohem Feuchtigkeitsgrad an.<br \/>\nBenutzen Sie mindestens 0,2 l LECAN LG pro 1000 m\u00b2 in einer Wassermenge, die eine einheitliche Benetzung der Pflanzen gew\u00e4hrleistet.<\/td>\n<\/tr>\n<\/tbody>\n<\/table>\n<p>[\/vc_column_text][\/vc_column][\/vc_row][vc_row][vc_column][vc_column_text]<\/p>\n<table style=\"width: 100%; height: 163px; border: 0px;\">\n<tbody>\n<tr>\n<td style=\"width: 89.2457%; vertical-align: bottom; border: 0px none; text-align: right;\"><strong>PACKUNGSGR\u00d6SSEN: Flasche 0,2 kg und 1 kg<\/strong><\/td>\n<td style=\"width: 10%; border: 0px;\"><img loading=\"lazy\" decoding=\"async\" class=\"alignright wp-image-3291 size-full\" src=\"https:\/\/comerco.gr\/wp-content\/uploads\/Lecan.png\" width=\"143\" height=\"305\" srcset=\"https:\/\/comerco.gr\/wp-content\/uploads\/Lecan.png 143w, https:\/\/comerco.gr\/wp-content\/uploads\/Lecan-141x300.png 141w\" sizes=\"auto, (max-width: 143px) 100vw, 143px\" \/><\/td>\n<\/tr>\n<\/tbody>\n<\/table>\n<p>[\/vc_column_text][\/vc_column][\/vc_row][vc_row css=&#8221;.vc_custom_1467308452976{padding-top: 40px !important;}&#8221;][vc_column][vc_btn title=&#8221;Zur\u00fcck in Greenspore&#8221; color=&#8221;success&#8221; css_animation=&#8221;left-to-right&#8221; link=&#8221;url:https%3A%2F%2Fcomerco.gr%2Fde%2Fprodukte%2Fgreenspore%2F||&#8221;][\/vc_column][\/vc_row]<\/p>\n<\/div>","protected":false},"excerpt":{"rendered":"<p>[vc_row][vc_column][vc_column_text css_animation=&#8221;left-to-right&#8221; css=&#8221;.vc_custom_1467213450842{border-bottom-width: 40px !important;}&#8221;][\/vc_column_text][\/vc_column][\/vc_row][vc_row css=&#8221;.vc_custom_1467216387723{padding-top: 40px !important;}&#8221;][vc_column width=&#8221;1\/4&#8243;][vc_column_text]\u00a0 [\/vc_column_text][\/vc_column][vc_column width=&#8221;1\/4&#8243;][\/vc_column][vc_column width=&#8221;1\/4&#8243;][\/vc_column][vc_column width=&#8221;1\/4&#8243; css=&#8221;.vc_custom_1467216523041{padding-top: 10px !important;}&#8221;][\/vc_column][\/vc_row][vc_row][vc_column][vc_column_text]L\u00d6SUNGEN F\u00dcR DIE PR\u00c4VENTION VON BIOTISCHEM UND ABIOTISCHEM STRESS[\/vc_column_text][\/vc_column][\/vc_row][vc_row css=&#8221;.vc_custom_1467217509367{padding-top: 40px !important;}&#8221;][vc_column][vc_column_text]LECAN Linea Greenpower ist eine innovative fl\u00fcssige Kombination, die Mykorrhizen der Art Glomus, d.h. lebef\u00e4hige Konidien des Naturpilzes Lecanicillium, enth\u00e4lt MERKMALE Die im LECAN Linea Greenpower enthaltenen Mikroorganismen bieten<\/p>\n","protected":false},"author":4,"featured_media":0,"parent":3849,"menu_order":0,"comment_status":"closed","ping_status":"closed","template":"","meta":{"footnotes":""},"class_list":["post-3903","page","type-page","status-publish","hentry"],"_links":{"self":[{"href":"https:\/\/comerco.gr\/de\/wp-json\/wp\/v2\/pages\/3903","targetHints":{"allow":["GET"]}}],"collection":[{"href":"https:\/\/comerco.gr\/de\/wp-json\/wp\/v2\/pages"}],"about":[{"href":"https:\/\/comerco.gr\/de\/wp-json\/wp\/v2\/types\/page"}],"author":[{"embeddable":true,"href":"https:\/\/comerco.gr\/de\/wp-json\/wp\/v2\/users\/4"}],"replies":[{"embeddable":true,"href":"https:\/\/comerco.gr\/de\/wp-json\/wp\/v2\/comments?post=3903"}],"version-history":[{"count":4,"href":"https:\/\/comerco.gr\/de\/wp-json\/wp\/v2\/pages\/3903\/revisions"}],"predecessor-version":[{"id":3943,"href":"https:\/\/comerco.gr\/de\/wp-json\/wp\/v2\/pages\/3903\/revisions\/3943"}],"up":[{"embeddable":true,"href":"https:\/\/comerco.gr\/de\/wp-json\/wp\/v2\/pages\/3849"}],"wp:attachment":[{"href":"https:\/\/comerco.gr\/de\/wp-json\/wp\/v2\/media?parent=3903"}],"curies":[{"name":"wp","href":"https:\/\/api.w.org\/{rel}","templated":true}]}}