{"id":4063,"date":"2021-06-01T12:30:03","date_gmt":"2021-06-01T09:30:03","guid":{"rendered":"https:\/\/microspore.gr\/?page_id=4063"},"modified":"2021-06-01T12:30:03","modified_gmt":"2021-06-01T09:30:03","slug":"gruene-biotechnologie","status":"publish","type":"page","link":"https:\/\/comerco.gr\/de\/gruene-biotechnologie\/","title":{"rendered":"Gr\u00fcne Biotechnologie"},"content":{"rendered":"<h1>Spore Green Biotech<\/h1>\n<p>Spore Green Biotech (SGB) ist von unserem Forschungsteam in unseren Labors entwickelt worden und es ist bewiesen worden, dass es dank der Auswahl von n\u00fctzlichen und nat\u00fcrlichen Mikroorganismen ein gesundes Wachstum der Pflanzen f\u00f6rdert. SGB macht die Oberfl\u00e4che der Wurzeln gr\u00f6\u00dfer und regt das Wachstum der Pflanzen biologisch an, indem es ihre Widerstandskraft gegen biotischen und abiotischen Stress erh\u00f6ht, eine gr\u00f6\u00dfere Leistung und eine bessere Qualit\u00e4t beg\u00fcnstigt, und ist in der Lage, die Wirkung der traditionellen D\u00fcngemittel um mehr als 30% zu erh\u00f6hen. Die Mikroorganismen, die Microspore vorsichtig aus der Natur w\u00e4hlt und absondert, verhelfen den Anbauern zu einer gesunden und ausgewogenen Kulturentwicklung. .<br \/>\n<img loading=\"lazy\" decoding=\"async\" class=\"wp-image-2958 size-full aligncenter\" src=\"https:\/\/comerco.gr\/wp-content\/uploads\/Spore-Green-Biotech-en.jpg\" width=\"500\" height=\"346\" srcset=\"https:\/\/comerco.gr\/wp-content\/uploads\/Spore-Green-Biotech-en.jpg 500w, https:\/\/comerco.gr\/wp-content\/uploads\/Spore-Green-Biotech-en-300x208.jpg 300w\" sizes=\"auto, (max-width: 500px) 100vw, 500px\" \/><\/p>\n<h2>Fruchtbarkeit des Bodens<\/h2>\n<p>Die Fruchtbarkeit des Bodens ist das gemeinsame Ergebnis seiner nat\u00fcrlichen, chemischen und mikrobiologischen Merkmale und ihrer Zusammenwirkung. Die mikrobiologische Komponente ist noch recht wenig verst\u00e4ndlich, weil sie aus unz\u00e4hligen Arten von Organismen besteht und die Wechselwirkungen zwischen Umwelt und Kulturen sehr vielf\u00e4ltig sind. Das Begreifen des mikrobiologischen Aspekts des Bodens ist mit dem Begreifen der Gesundheit, des Stressniveaus und eventuell des Grades der Verschlechterung der Bodenqualit\u00e4t gleichbedeutend. Bisher haben die anorganischen D\u00fcngemittel eine gute Produktion sichergestellt und das organische Defizit des Bodens gedeckt, es ist jedoch klar, dass das nicht mehr genug ist.<\/p>\n<p>Dank der Fortschritte in der Biotechnologie und den neuen Technologien, die in den Laboren von Microspore entwickelt worden sind, ist es heute m\u00f6glich, die Fruchtbarkeit des Bodens sehr schnell zu erh\u00f6hen, damit bessere Ergebnisse bei der Produktion erreicht werden k\u00f6nnen.<\/p>\n<h2>Microtech Complex Activator<\/h2>\n<p><img loading=\"lazy\" decoding=\"async\" class=\"alignright wp-image-2959 size-full\" src=\"https:\/\/comerco.gr\/wp-content\/uploads\/Microtech-Complex-Activator-en.jpg\" width=\"230\" height=\"576\" srcset=\"https:\/\/comerco.gr\/wp-content\/uploads\/Microtech-Complex-Activator-en.jpg 230w, https:\/\/comerco.gr\/wp-content\/uploads\/Microtech-Complex-Activator-en-120x300.jpg 120w\" sizes=\"auto, (max-width: 230px) 100vw, 230px\" \/><\/p>\n<p>&nbsp;<\/p>\n<p>Microtech Complex Activator ist ein Komplex mit hoher Konzentration von Bodenmikroben mit verschiedenen Funktionen: PGPR-Bakterien und Pilze. Diese f\u00f6rdern die Freisetzung von Pflanzenhormonen wie Auxinen in den Wurzelballen. Sie regen die Vermehrung und Vergr\u00f6\u00dferung der Zellen und das Wachstum der Wurzeln an; zudem werden dadurch mehr N\u00e4hrstoffe im Boden verf\u00fcgbar, und zwar haupts\u00e4chlich Phosphor und Spurenelemente (Eisen, Mangan, Zink usw.).<\/p>\n<p>Microspore hat einen innovativen Bio-Aktivierungskomplex entwickelt, der Microtech hei\u00dft. Er besteht aus Mikroorganismen, die beim Kontakt mit den Wurzeln der Pflanzen ihr Wachstum biologisch anregen und ihre Abwehrmechanismen verst\u00e4rken. Sie wirken auf unterschiedliche Weisen, speziell durch die Produktion von einer Summe von Enzymen, die f\u00fcr die Pflanze n\u00fctzlich sind und ihre innewohnenden Abwehrkr\u00e4fte st\u00e4rken. Eine der \u00fcblichsten Wirkungsweisen von PGPR f\u00fcr eine bessere Absorption der N\u00e4hrstoffe ist die Ver\u00e4nderung des Niveaus der Pflanzenhormone. Dadurch wird die Architektur der Wurzeln ge\u00e4ndert: Die Masse, die Verzweigungen und die Menge der Wurzelhaare vergr\u00f6\u00dfern sich. Zudem wird eine Vergr\u00f6\u00dferung des Volumens des Wurzelsystems beobachtet, was eine bessere Absorption von Wasser und N\u00e4hrstoffen zur Folge hat.<\/p>\n<p>PGPR unterst\u00fctzen die Entwicklung der Pflanzen, indem sie im Wurzelballen (dem Teil des Bodens, der den Wurzeln am n\u00e4chsten ist) die bestm\u00f6glichen Bedingungen (wie die Neutralisierung des pH) schaffen, so dass die Pflanze alle notwendigen N\u00e4hrstoffe schneller assimiliert. Einige darunter (Siderophore) k\u00f6nnen den unl\u00f6slichen Phosphor und das gebundene Eisen wieder verf\u00fcgbar machen. Sehr wichtig ist auch die wachstumshemmende Wirkung auf viele Arten von pathogenen Pilzen und die hemmende Wirkung bez\u00fcglich der Konkurrenz um den Raum und die N\u00e4hrstoffe. Im Grunde besitzen PGPR drei sehr interessante Eigenschaften und k\u00f6nnen als Folgendes verwendet werden: Bio-D\u00fcngemittel, Bio-Aktivierungsmittel, Bio-Schutzmittel<br \/>\n<iframe loading=\"lazy\" src=\"https:\/\/www.youtube.com\/embed\/ssm1D1KigGY\" width=\"640\" height=\"360\" frameborder=\"0\" allowfullscreen=\"allowfullscreen\"><\/iframe><\/p>\n","protected":false},"excerpt":{"rendered":"<p>Spore Green Biotech Spore Green Biotech (SGB) ist von unserem Forschungsteam in unseren Labors entwickelt worden und es ist bewiesen worden, dass es dank der Auswahl von n\u00fctzlichen und nat\u00fcrlichen Mikroorganismen ein gesundes Wachstum der Pflanzen f\u00f6rdert. SGB macht die Oberfl\u00e4che der Wurzeln gr\u00f6\u00dfer und regt das Wachstum der Pflanzen biologisch an, indem es ihre<\/p>\n","protected":false},"author":4,"featured_media":0,"parent":0,"menu_order":0,"comment_status":"closed","ping_status":"closed","template":"","meta":{"footnotes":""},"class_list":["post-4063","page","type-page","status-publish","hentry"],"_links":{"self":[{"href":"https:\/\/comerco.gr\/de\/wp-json\/wp\/v2\/pages\/4063","targetHints":{"allow":["GET"]}}],"collection":[{"href":"https:\/\/comerco.gr\/de\/wp-json\/wp\/v2\/pages"}],"about":[{"href":"https:\/\/comerco.gr\/de\/wp-json\/wp\/v2\/types\/page"}],"author":[{"embeddable":true,"href":"https:\/\/comerco.gr\/de\/wp-json\/wp\/v2\/users\/4"}],"replies":[{"embeddable":true,"href":"https:\/\/comerco.gr\/de\/wp-json\/wp\/v2\/comments?post=4063"}],"version-history":[{"count":1,"href":"https:\/\/comerco.gr\/de\/wp-json\/wp\/v2\/pages\/4063\/revisions"}],"predecessor-version":[{"id":4123,"href":"https:\/\/comerco.gr\/de\/wp-json\/wp\/v2\/pages\/4063\/revisions\/4123"}],"wp:attachment":[{"href":"https:\/\/comerco.gr\/de\/wp-json\/wp\/v2\/media?parent=4063"}],"curies":[{"name":"wp","href":"https:\/\/api.w.org\/{rel}","templated":true}]}}