{"id":5176,"date":"2026-04-02T11:47:16","date_gmt":"2026-04-02T08:47:16","guid":{"rendered":"https:\/\/comerco.gr\/home\/"},"modified":"2026-04-29T11:05:50","modified_gmt":"2026-04-29T08:05:50","slug":"home-2","status":"publish","type":"page","link":"https:\/\/comerco.gr\/de\/","title":{"rendered":"Home"},"content":{"rendered":"<div class=\"wpb-content-wrapper\"><p>[vc_row][vc_column]\n\t\t\t<!-- START Mobile GERMAN DimitrisSlide New 2026 1 REVOLUTION SLIDER 6.7.38 --><p class=\"rs-p-wp-fix\"><\/p>\n\t\t\t<rs-module-wrap id=\"rev_slider_17_1_wrapper\" data-source=\"gallery\" style=\"visibility:hidden;background:transparent;padding:0;margin:0px auto;margin-top:0;margin-bottom:0;\">\n\t\t\t\t<rs-module id=\"rev_slider_17_1\" style=\"\" data-version=\"6.7.38\">\n\t\t\t\t\t<rs-slides style=\"overflow: hidden; position: absolute;\">\n\t\t\t\t\t\t<rs-slide style=\"position: absolute;\" data-key=\"rs-77\" data-title=\"Slide\" data-in=\"o:0;\" data-out=\"a:false;\">\n\t\t\t\t\t\t\t<img decoding=\"async\" src=\"\/\/comerco.gr\/wp-content\/plugins\/revslider\/sr6\/assets\/assets\/dummy.png\" alt=\"\" title=\"Comerco site background\" width=\"1672\" height=\"941\" class=\"rev-slidebg tp-rs-img rs-lazyload\" data-lazyload=\"\/\/comerco.gr\/wp-content\/uploads\/Comerco-site-background.png\" data-bg=\"p:45% 0%;\" data-no-retina>\n<!--\n\t\t\t\t\t\t\t--><rs-layer\n\t\t\t\t\t\t\t\tid=\"slider-17-slide-77-layer-0\" \n\t\t\t\t\t\t\t\tdata-type=\"image\"\n\t\t\t\t\t\t\t\tdata-rsp_ch=\"on\"\n\t\t\t\t\t\t\t\tdata-xy=\"xo:-165px,6px,0,157px;yo:160px,138px,306px,606px;\"\n\t\t\t\t\t\t\t\tdata-text=\"w:normal;s:20,16,12,7;l:0,20,15,9;\"\n\t\t\t\t\t\t\t\tdata-dim=\"w:472px,389px,323px,199px;h:396px,327px,271px,167px;\"\n\t\t\t\t\t\t\t\tdata-frame_999=\"o:0;st:w;sR:8700;\"\n\t\t\t\t\t\t\t\tstyle=\"z-index:14;\"\n\t\t\t\t\t\t\t><img decoding=\"async\" src=\"\/\/comerco.gr\/wp-content\/plugins\/revslider\/sr6\/assets\/assets\/dummy.png\" alt=\"\" class=\"tp-rs-img rs-lazyload\" width=\"940\" height=\"788\" data-lazyload=\"\/\/comerco.gr\/wp-content\/uploads\/\u0391\u03bd\u03ce\u03bd\u03c5\u03bc\u03bf-\u03c3\u03c7\u03ad\u03b4\u03b9\u03bf-86.png\" data-no-retina> \n\t\t\t\t\t\t\t<\/rs-layer><!--\n\n\t\t\t\t\t\t\t--><rs-layer\n\t\t\t\t\t\t\t\tid=\"slider-17-slide-77-layer-1\" \n\t\t\t\t\t\t\t\tdata-type=\"image\"\n\t\t\t\t\t\t\t\tdata-rsp_ch=\"on\"\n\t\t\t\t\t\t\t\tdata-xy=\"xo:-143px,-26px,-1px,0;yo:-8px,-57px,40px,24px;\"\n\t\t\t\t\t\t\t\tdata-text=\"w:normal;s:20,16,12,7;l:0,20,15,9;\"\n\t\t\t\t\t\t\t\tdata-dim=\"w:298px,297px,280px,142px;h:250px,249px,235px,119px;\"\n\t\t\t\t\t\t\t\tdata-frame_1=\"sp:2500;\"\n\t\t\t\t\t\t\t\tdata-frame_999=\"o:0;st:w;sR:6500;\"\n\t\t\t\t\t\t\t\tstyle=\"z-index:15;\"\n\t\t\t\t\t\t\t><img decoding=\"async\" src=\"\/\/comerco.gr\/wp-content\/plugins\/revslider\/sr6\/assets\/assets\/dummy.png\" alt=\"\" class=\"tp-rs-img rs-lazyload\" width=\"940\" height=\"788\" data-lazyload=\"\/\/comerco.gr\/wp-content\/uploads\/\u0391\u03bd\u03ce\u03bd\u03c5\u03bc\u03bf-\u03c3\u03c7\u03ad\u03b4\u03b9\u03bf-87.png\" data-no-retina> \n\t\t\t\t\t\t\t<\/rs-layer><!--\n\n\t\t\t\t\t\t\t--><rs-layer\n\t\t\t\t\t\t\t\tid=\"slider-17-slide-77-layer-4\" \n\t\t\t\t\t\t\t\tdata-type=\"text\"\n\t\t\t\t\t\t\t\tdata-color=\"#fff\"\n\t\t\t\t\t\t\t\tdata-rsp_ch=\"on\"\n\t\t\t\t\t\t\t\tdata-xy=\"x:l,l,l,c;xo:8px,158px,289px,-510px;y:t,t,t,m;yo:819px,696px,857px,111px;\"\n\t\t\t\t\t\t\t\tdata-text=\"w:normal;s:30,22,16,24;l:50,41,31,19;fw:100,400,400,400;a:left,left,left,center;\"\n\t\t\t\t\t\t\t\tdata-dim=\"minh:0px,none,none,none;\"\n\t\t\t\t\t\t\t\tdata-frame_0=\"o:1;\"\n\t\t\t\t\t\t\t\tdata-frame_0_chars=\"d:5;y:-100%;o:0;rZ:35deg;\"\n\t\t\t\t\t\t\t\tdata-frame_0_mask=\"u:t;\"\n\t\t\t\t\t\t\t\tdata-frame_1=\"sp:1200;\"\n\t\t\t\t\t\t\t\tdata-frame_1_chars=\"e:power4.inOut;d:10;rZ:0deg;\"\n\t\t\t\t\t\t\t\tdata-frame_1_mask=\"u:t;\"\n\t\t\t\t\t\t\t\tdata-frame_999=\"o:0;st:w;sR:6500;\"\n\t\t\t\t\t\t\t\tstyle=\"z-index:7;font-family:'Trebuchet MS', 'Helvetica', 'sans-serif';\"\n\t\t\t\t\t\t\t>Biostimulante \n\t\t\t\t\t\t\t<\/rs-layer><!--\n\n\t\t\t\t\t\t\t--><rs-layer\n\t\t\t\t\t\t\t\tid=\"slider-17-slide-77-layer-5\" \n\t\t\t\t\t\t\t\tdata-type=\"text\"\n\t\t\t\t\t\t\t\tdata-color=\"#fff\"\n\t\t\t\t\t\t\t\tdata-rsp_ch=\"on\"\n\t\t\t\t\t\t\t\tdata-xy=\"x:r,r,r,c;xo:99px,-20px,80px,-483px;y:t,t,t,m;yo:829px,699px,859px,141px;\"\n\t\t\t\t\t\t\t\tdata-text=\"w:normal;s:30,22,16,24;l:50,41,31,19;fw:100,400,400,400;\"\n\t\t\t\t\t\t\t\tdata-dim=\"w:430px,320px,243px,auto;minh:0px,none,none,none;\"\n\t\t\t\t\t\t\t\tdata-frame_0=\"o:1;\"\n\t\t\t\t\t\t\t\tdata-frame_0_chars=\"d:5;y:-100%;o:0;rZ:35deg;\"\n\t\t\t\t\t\t\t\tdata-frame_0_mask=\"u:t;\"\n\t\t\t\t\t\t\t\tdata-frame_1=\"x:10px,8px,6px,3px;y:-7px,-5px,-3px,-1px;sp:1200;\"\n\t\t\t\t\t\t\t\tdata-frame_1_chars=\"e:power4.inOut;d:10;rZ:0deg;\"\n\t\t\t\t\t\t\t\tdata-frame_1_mask=\"u:t;\"\n\t\t\t\t\t\t\t\tdata-frame_999=\"o:0;st:w;sR:6100;\"\n\t\t\t\t\t\t\t\tstyle=\"z-index:6;font-family:'Trebuchet MS', 'Helvetica', 'sans-serif';\"\n\t\t\t\t\t\t\t>Erh\u00f6hte Produktion \n\t\t\t\t\t\t\t<\/rs-layer><!--\n\n\t\t\t\t\t\t\t--><rs-layer\n\t\t\t\t\t\t\t\tid=\"slider-17-slide-77-layer-6\" \n\t\t\t\t\t\t\t\tdata-type=\"image\"\n\t\t\t\t\t\t\t\tdata-rsp_ch=\"on\"\n\t\t\t\t\t\t\t\tdata-xy=\"xo:99px,81px,-67px,-45px;yo:486px,401px,527px,477px;\"\n\t\t\t\t\t\t\t\tdata-text=\"w:normal;s:20,16,12,7;l:0,20,15,9;\"\n\t\t\t\t\t\t\t\tdata-dim=\"w:341px,281px,287px,185px;h:341px,281px,287px,185px;\"\n\t\t\t\t\t\t\t\tdata-frame_0=\"x:-50,-41,-31,-19;\"\n\t\t\t\t\t\t\t\tdata-frame_1=\"st:4010;sp:1000;sR:4010;\"\n\t\t\t\t\t\t\t\tdata-frame_999=\"o:0;st:w;sR:3990;\"\n\t\t\t\t\t\t\t\tstyle=\"z-index:12;\"\n\t\t\t\t\t\t\t><img decoding=\"async\" src=\"\/\/comerco.gr\/wp-content\/plugins\/revslider\/sr6\/assets\/assets\/dummy.png\" alt=\"\" class=\"tp-rs-img rs-lazyload\" width=\"1080\" height=\"1080\" data-lazyload=\"\/\/comerco.gr\/wp-content\/uploads\/\u0391\u03bd\u03ce\u03bd\u03c5\u03bc\u03bf-\u03c3\u03c7\u03ad\u03b4\u03b9\u03bf-82.png\" data-no-retina> \n\t\t\t\t\t\t\t<\/rs-layer><!--\n\n\t\t\t\t\t\t\t--><rs-layer\n\t\t\t\t\t\t\t\tid=\"slider-17-slide-77-layer-7\" \n\t\t\t\t\t\t\t\tdata-type=\"image\"\n\t\t\t\t\t\t\t\tdata-rsp_ch=\"on\"\n\t\t\t\t\t\t\t\tdata-xy=\"x:c;xo:637px,202px,261px,183px;y:m;yo:-343px,-306px,-388px,-268px;\"\n\t\t\t\t\t\t\t\tdata-text=\"w:normal;s:20,16,12,7;l:0,20,15,9;\"\n\t\t\t\t\t\t\t\tdata-dim=\"w:236px,233px,204px,124px;h:236px,233px,204px,124px;\"\n\t\t\t\t\t\t\t\tdata-frame_0=\"sX:0.9;sY:0.9;\"\n\t\t\t\t\t\t\t\tdata-frame_1=\"sp:1200;\"\n\t\t\t\t\t\t\t\tdata-frame_999=\"o:0;st:w;sR:7800;\"\n\t\t\t\t\t\t\t\tstyle=\"z-index:9;\"\n\t\t\t\t\t\t\t><img decoding=\"async\" src=\"\/\/comerco.gr\/wp-content\/plugins\/revslider\/sr6\/assets\/assets\/dummy.png\" alt=\"\" class=\"tp-rs-img rs-lazyload\" width=\"2000\" height=\"2000\" data-lazyload=\"\/\/comerco.gr\/wp-content\/uploads\/Comerco2.png\" data-no-retina> \n\t\t\t\t\t\t\t<\/rs-layer><!--\n\n\t\t\t\t\t\t\t--><rs-layer\n\t\t\t\t\t\t\t\tid=\"slider-17-slide-77-layer-8\" \n\t\t\t\t\t\t\t\tdata-type=\"image\"\n\t\t\t\t\t\t\t\tdata-rsp_ch=\"on\"\n\t\t\t\t\t\t\t\tdata-xy=\"xo:-100px,-96px,-229px,-135px;yo:467px,379px,508px,461px;\"\n\t\t\t\t\t\t\t\tdata-text=\"w:normal;s:20,16,12,7;l:0,20,15,9;\"\n\t\t\t\t\t\t\t\tdata-dim=\"w:425px,375px,429px,255px;h:356px,314px,360px,214px;\"\n\t\t\t\t\t\t\t\tdata-frame_0=\"x:-50,-41,-31,-19;\"\n\t\t\t\t\t\t\t\tdata-frame_1=\"x:163px,134px,101px,62px;sp:4010;\"\n\t\t\t\t\t\t\t\tdata-frame_999=\"x:-50,-41,-31,-19;o:0;st:4020;sp:1000;sR:10;\"\n\t\t\t\t\t\t\t\tstyle=\"z-index:11;\"\n\t\t\t\t\t\t\t><img decoding=\"async\" src=\"\/\/comerco.gr\/wp-content\/plugins\/revslider\/sr6\/assets\/assets\/dummy.png\" alt=\"\" class=\"tp-rs-img rs-lazyload\" width=\"940\" height=\"788\" data-lazyload=\"\/\/comerco.gr\/wp-content\/uploads\/NUTRYACTION-COOL-PHOTO-COMERCO-no-background.png\" data-no-retina> \n\t\t\t\t\t\t\t<\/rs-layer><!--\n\n\t\t\t\t\t\t\t--><rs-layer\n\t\t\t\t\t\t\t\tid=\"slider-17-slide-77-layer-9\" \n\t\t\t\t\t\t\t\tdata-type=\"image\"\n\t\t\t\t\t\t\t\tdata-rsp_ch=\"on\"\n\t\t\t\t\t\t\t\tdata-xy=\"xo:822px,612px,503px,283px;yo:465px,367px,497px,452px;\"\n\t\t\t\t\t\t\t\tdata-text=\"w:normal;s:20,16,12,7;l:0,20,15,9;\"\n\t\t\t\t\t\t\t\tdata-dim=\"w:468px,366px,394px,297px;h:392px,307px,330px,249px;\"\n\t\t\t\t\t\t\t\tdata-frame_0=\"x:right;\"\n\t\t\t\t\t\t\t\tdata-frame_1=\"sp:4000;\"\n\t\t\t\t\t\t\t\tdata-frame_999=\"x:50,41,31,19;o:0;st:4010;sp:1000;sR:10;\"\n\t\t\t\t\t\t\t\tstyle=\"z-index:10;\"\n\t\t\t\t\t\t\t><img decoding=\"async\" src=\"\/\/comerco.gr\/wp-content\/plugins\/revslider\/sr6\/assets\/assets\/dummy.png\" alt=\"\" class=\"tp-rs-img rs-lazyload\" width=\"940\" height=\"788\" data-lazyload=\"\/\/comerco.gr\/wp-content\/uploads\/\u0391\u03bd\u03ce\u03bd\u03c5\u03bc\u03bf-\u03c3\u03c7\u03ad\u03b4\u03b9\u03bf-88.png\" data-no-retina> \n\t\t\t\t\t\t\t<\/rs-layer><!--\n\n\t\t\t\t\t\t\t--><rs-layer\n\t\t\t\t\t\t\t\tid=\"slider-17-slide-77-layer-10\" \n\t\t\t\t\t\t\t\tdata-type=\"image\"\n\t\t\t\t\t\t\t\tdata-rsp_ch=\"on\"\n\t\t\t\t\t\t\t\tdata-xy=\"xo:936px,719px,604px,378px;yo:444px,392px,482px,449px;\"\n\t\t\t\t\t\t\t\tdata-text=\"w:normal;s:20,16,12,7;l:0,20,15,9;\"\n\t\t\t\t\t\t\t\tdata-dim=\"w:236px,158px,196px,130px;h:450px,301px,373px,248px;\"\n\t\t\t\t\t\t\t\tdata-frame_0=\"x:right;\"\n\t\t\t\t\t\t\t\tdata-frame_1=\"st:4000;sp:1000;sR:4000;\"\n\t\t\t\t\t\t\t\tdata-frame_999=\"x:50,41,31,19;o:0;st:w;sp:1000;sR:4000;\"\n\t\t\t\t\t\t\t\tstyle=\"z-index:13;\"\n\t\t\t\t\t\t\t><img decoding=\"async\" src=\"\/\/comerco.gr\/wp-content\/plugins\/revslider\/sr6\/assets\/assets\/dummy.png\" alt=\"\" class=\"tp-rs-img rs-lazyload\" width=\"630\" height=\"1200\" data-lazyload=\"\/\/comerco.gr\/wp-content\/uploads\/\u0391\u03bd\u03ce\u03bd\u03c5\u03bc\u03bf-\u03c3\u03c7\u03ad\u03b4\u03b9\u03bf-82-1.png\" data-no-retina> \n\t\t\t\t\t\t\t<\/rs-layer><!--\n\n\t\t\t\t\t\t\t--><rs-layer\n\t\t\t\t\t\t\t\tid=\"slider-17-slide-77-layer-11\" \n\t\t\t\t\t\t\t\tdata-type=\"text\"\n\t\t\t\t\t\t\t\tdata-color=\"#fff\"\n\t\t\t\t\t\t\t\tdata-rsp_ch=\"on\"\n\t\t\t\t\t\t\t\tdata-xy=\"x:l,l,l,c;xo:248px,408px,33px,-515px;y:b,b,b,m;yo:29px,37px,71px,329px;\"\n\t\t\t\t\t\t\t\tdata-text=\"w:normal;s:35,22,16,24;l:58,47,35,21;fw:100,400,400,400;a:left,left,left,center;\"\n\t\t\t\t\t\t\t\tdata-dim=\"w:426px,351px,266px,164px;minh:0,none,none,none;\"\n\t\t\t\t\t\t\t\tdata-frame_0=\"o:1;\"\n\t\t\t\t\t\t\t\tdata-frame_0_chars=\"d:5;y:-100%;o:0;rZ:35deg;\"\n\t\t\t\t\t\t\t\tdata-frame_0_mask=\"u:t;\"\n\t\t\t\t\t\t\t\tdata-frame_1=\"sp:1600;\"\n\t\t\t\t\t\t\t\tdata-frame_1_chars=\"e:power4.inOut;d:10;rZ:0deg;\"\n\t\t\t\t\t\t\t\tdata-frame_1_mask=\"u:t;\"\n\t\t\t\t\t\t\t\tdata-frame_999=\"o:0;st:w;sR:5000;\"\n\t\t\t\t\t\t\t\tstyle=\"z-index:8;font-family:'Trebuchet MS', 'Helvetica', 'sans-serif';\"\n\t\t\t\t\t\t\t>Effektive Mikroorganismen \n\t\t\t\t\t\t\t<\/rs-layer><!--\n-->\t\t\t\t\t<\/rs-slide>\n\t\t\t\t\t<\/rs-slides>\n\t\t\t\t<\/rs-module>\n\t\t\t\t<script>\n\t\t\t\t\tsetREVStartSize({c: 'rev_slider_17_1',rl:[1240,1024,778,480],el:[900,768,960,720],gw:[1240,1024,778,480],gh:[900,768,960,720],type:'standard',justify:'',layout:'fullwidth',mh:\"0\"});if (window.RS_MODULES!==undefined && window.RS_MODULES.modules!==undefined && window.RS_MODULES.modules[\"revslider171\"]!==undefined) {window.RS_MODULES.modules[\"revslider171\"].once = false;window.revapi17 = undefined;if (window.RS_MODULES.checkMinimal!==undefined) window.RS_MODULES.checkMinimal()}\n\t\t\t\t<\/script>\n\t\t\t<\/rs-module-wrap>\n\t\t\t<!-- END REVOLUTION SLIDER -->\n[\/vc_column][\/vc_row][vc_row css=&#8221;.vc_custom_1771818349922{margin-top: 150px !important;}&#8221;][vc_column width=&#8221;1\/2&#8243;][vc_column_text css=&#8221;&#8221;]<a href=\"https:\/\/comerco.gr\/wp-content\/uploads\/Comerco-Deutsch-Produkt-Catalogue-3.pdf\"><img loading=\"lazy\" decoding=\"async\" class=\" wp-image-5449 alignleft\" src=\"https:\/\/comerco.gr\/wp-content\/uploads\/Comerco-Deutsch-Katalog.png\" alt=\"\" width=\"574\" height=\"574\" srcset=\"https:\/\/comerco.gr\/wp-content\/uploads\/Comerco-Deutsch-Katalog.png 1080w, https:\/\/comerco.gr\/wp-content\/uploads\/Comerco-Deutsch-Katalog-300x300.png 300w, https:\/\/comerco.gr\/wp-content\/uploads\/Comerco-Deutsch-Katalog-1024x1024.png 1024w, https:\/\/comerco.gr\/wp-content\/uploads\/Comerco-Deutsch-Katalog-150x150.png 150w, https:\/\/comerco.gr\/wp-content\/uploads\/Comerco-Deutsch-Katalog-610x610.png 610w, https:\/\/comerco.gr\/wp-content\/uploads\/Comerco-Deutsch-Katalog-50x50.png 50w, https:\/\/comerco.gr\/wp-content\/uploads\/Comerco-Deutsch-Katalog-320x320.png 320w, https:\/\/comerco.gr\/wp-content\/uploads\/Comerco-Deutsch-Katalog-900x900.png 900w\" sizes=\"auto, (max-width: 574px) 100vw, 574px\" \/><\/a>[\/vc_column_text][\/vc_column][vc_column width=&#8221;1\/2&#8243;][vc_column_text css=&#8221;&#8221;]<img loading=\"lazy\" decoding=\"async\" class=\"wp-image-5557 alignleft\" src=\"https:\/\/comerco.gr\/wp-content\/uploads\/54e16a29-80ef-485d-a7f2-68dc3a8d7383.png\" alt=\"\" width=\"605\" height=\"403\" srcset=\"https:\/\/comerco.gr\/wp-content\/uploads\/54e16a29-80ef-485d-a7f2-68dc3a8d7383.png 1536w, https:\/\/comerco.gr\/wp-content\/uploads\/54e16a29-80ef-485d-a7f2-68dc3a8d7383-300x200.png 300w, https:\/\/comerco.gr\/wp-content\/uploads\/54e16a29-80ef-485d-a7f2-68dc3a8d7383-1024x683.png 1024w, https:\/\/comerco.gr\/wp-content\/uploads\/54e16a29-80ef-485d-a7f2-68dc3a8d7383-610x407.png 610w, https:\/\/comerco.gr\/wp-content\/uploads\/54e16a29-80ef-485d-a7f2-68dc3a8d7383-900x600.png 900w\" sizes=\"auto, (max-width: 605px) 100vw, 605px\" \/>[\/vc_column_text][\/vc_column][\/vc_row][vc_row css=&#8221;.vc_custom_1771818349922{margin-top: 150px !important;}&#8221;][vc_column][vc_column_text css=&#8221;&#8221;]<\/p>\n<h2 style=\"text-align: left;\">Comerco best sellers<\/h2>\n<p>[\/vc_column_text][\/vc_column][\/vc_row][vc_row][vc_column][vc_row_inner css=&#8221;.vc_custom_1771967590242{margin-top: 80px !important;}&#8221;][vc_column_inner width=&#8221;1\/3&#8243;][vc_single_image image=&#8221;5196&#8243; img_size=&#8221;medium&#8221; alignment=&#8221;center&#8221; onclick=&#8221;custom_link&#8221; css=&#8221;&#8221; link=&#8221;#&#8221;][\/vc_column_inner][vc_column_inner width=&#8221;1\/3&#8243;][vc_single_image image=&#8221;5430&#8243; img_size=&#8221;medium&#8221; alignment=&#8221;center&#8221; onclick=&#8221;custom_link&#8221; css=&#8221;&#8221; link=&#8221;#&#8221;][\/vc_column_inner][vc_column_inner width=&#8221;1\/3&#8243;][vc_single_image image=&#8221;5435&#8243; img_size=&#8221;medium&#8221; alignment=&#8221;center&#8221; onclick=&#8221;custom_link&#8221; css=&#8221;&#8221; link=&#8221;#&#8221;][\/vc_column_inner][\/vc_row_inner][\/vc_column][\/vc_row][vc_row css=&#8221;.vc_custom_1771818349922{margin-top: 150px !important;}&#8221;][vc_column][vc_column_text css=&#8221;&#8221;]<\/p>\n<h2 style=\"text-align: center;\">\u00dcBER UNS<\/h2>\n<p>[\/vc_column_text][\/vc_column][\/vc_row][vc_row css=&#8221;.vc_custom_1771819019026{margin-top: 30px !important;}&#8221;][vc_column][vc_column_text css=&#8221;&#8221;]<\/p>\n<p>Wir bieten von uns entwickelte innovative und umweltfreundliche Biotechnologie-L\u00f6sungen, die in den Bereichen der Ern\u00e4hrung der Pflanzen und der Wiederherstellung der Umwelt erfolgreich sind. Die Ergebnisse unserer Arbeit sind: Entwicklung des Wurzelsystems, besseres Wachstum der Pflanzen und nat\u00fcrliche Widerstandskraft gegen Stress, damit eine nachhaltige Zukunft f\u00fcr die heutige und die kommenden Generationen gesichert wird.<\/p>\n<p>Wir bieten Alternativen zu den traditionellen D\u00fcngemitteln und wir schaffen Mehrwert, damit wir den entscheidenden Unterschied ausmachen.<\/p>\n<p>Das Leitbild unserer Arbeit ist die optimale Qualit\u00e4t unserer Produkte und Dienstleistungen. Diese sind so konzipiert, dass sie den Anforderungen unserer Kunden gen\u00fcgen, und basieren auf eine klare Prinzipiengruppe, zu denen Folgendes geh\u00f6rt: Konsequenz, Integrit\u00e4t, Erscheinung, Best\u00e4ndigkeit, Einfallsreichtum, damit unsere Kunden unsere Handlungen und Entscheidungen beurteilen k\u00f6nnen, so dass wir unsere Aufgabe weltweit erreichen k\u00f6nnen.<\/p>\n<p>[\/vc_column_text][\/vc_column][\/vc_row][vc_row css=&#8221;.vc_custom_1771819633025{margin-top: 50px !important;}&#8221;][vc_column][vc_single_image image=&#8221;3842&#8243; img_size=&#8221;full&#8221; alignment=&#8221;center&#8221; css=&#8221;&#8221;][\/vc_column][\/vc_row]<\/p>\n<\/div>","protected":false},"excerpt":{"rendered":"<p>[vc_row][vc_column][\/vc_column][\/vc_row][vc_row css=&#8221;.vc_custom_1771818349922{margin-top: 150px !important;}&#8221;][vc_column width=&#8221;1\/2&#8243;][vc_column_text css=&#8221;&#8221;][\/vc_column_text][\/vc_column][vc_column width=&#8221;1\/2&#8243;][vc_column_text css=&#8221;&#8221;][\/vc_column_text][\/vc_column][\/vc_row][vc_row css=&#8221;.vc_custom_1771818349922{margin-top: 150px !important;}&#8221;][vc_column][vc_column_text css=&#8221;&#8221;] Comerco best sellers [\/vc_column_text][\/vc_column][\/vc_row][vc_row][vc_column][vc_row_inner css=&#8221;.vc_custom_1771967590242{margin-top: 80px !important;}&#8221;][vc_column_inner width=&#8221;1\/3&#8243;][vc_single_image image=&#8221;5196&#8243; img_size=&#8221;medium&#8221; alignment=&#8221;center&#8221; onclick=&#8221;custom_link&#8221; css=&#8221;&#8221; link=&#8221;#&#8221;][\/vc_column_inner][vc_column_inner width=&#8221;1\/3&#8243;][vc_single_image image=&#8221;5430&#8243; img_size=&#8221;medium&#8221; alignment=&#8221;center&#8221; onclick=&#8221;custom_link&#8221; css=&#8221;&#8221; link=&#8221;#&#8221;][\/vc_column_inner][vc_column_inner width=&#8221;1\/3&#8243;][vc_single_image image=&#8221;5435&#8243; img_size=&#8221;medium&#8221; alignment=&#8221;center&#8221; onclick=&#8221;custom_link&#8221; css=&#8221;&#8221; link=&#8221;#&#8221;][\/vc_column_inner][\/vc_row_inner][\/vc_column][\/vc_row][vc_row css=&#8221;.vc_custom_1771818349922{margin-top: 150px !important;}&#8221;][vc_column][vc_column_text css=&#8221;&#8221;] \u00dcBER UNS [\/vc_column_text][\/vc_column][\/vc_row][vc_row css=&#8221;.vc_custom_1771819019026{margin-top: 30px !important;}&#8221;][vc_column][vc_column_text css=&#8221;&#8221;] Wir bieten von uns<\/p>\n","protected":false},"author":5,"featured_media":0,"parent":0,"menu_order":0,"comment_status":"closed","ping_status":"closed","template":"","meta":{"footnotes":""},"class_list":["post-5176","page","type-page","status-publish","hentry"],"_links":{"self":[{"href":"https:\/\/comerco.gr\/de\/wp-json\/wp\/v2\/pages\/5176","targetHints":{"allow":["GET"]}}],"collection":[{"href":"https:\/\/comerco.gr\/de\/wp-json\/wp\/v2\/pages"}],"about":[{"href":"https:\/\/comerco.gr\/de\/wp-json\/wp\/v2\/types\/page"}],"author":[{"embeddable":true,"href":"https:\/\/comerco.gr\/de\/wp-json\/wp\/v2\/users\/5"}],"replies":[{"embeddable":true,"href":"https:\/\/comerco.gr\/de\/wp-json\/wp\/v2\/comments?post=5176"}],"version-history":[{"count":18,"href":"https:\/\/comerco.gr\/de\/wp-json\/wp\/v2\/pages\/5176\/revisions"}],"predecessor-version":[{"id":5448,"href":"https:\/\/comerco.gr\/de\/wp-json\/wp\/v2\/pages\/5176\/revisions\/5448"}],"wp:attachment":[{"href":"https:\/\/comerco.gr\/de\/wp-json\/wp\/v2\/media?parent=5176"}],"curies":[{"name":"wp","href":"https:\/\/api.w.org\/{rel}","templated":true}]}}